{"id":62,"date":"2019-05-13T10:45:59","date_gmt":"2019-05-13T13:45:59","guid":{"rendered":"https:\/\/eic.cefet-rj.br\/meninasnarobotica\/?page_id=62"},"modified":"2024-10-30T19:57:46","modified_gmt":"2024-10-30T22:57:46","slug":"historia","status":"publish","type":"page","link":"https:\/\/eic.cefet-rj.br\/meninasnarobotica\/index.php\/historia\/","title":{"rendered":"Sobre"},"content":{"rendered":"\n<h2 class=\"wp-block-heading\">Hist\u00f3ria<\/h2>\n\n\n\n<p>Meninas na Rob\u00f3tica \u00e9 um projeto da Equipe de Rob\u00f3tica BODETRONIC do Cefet\/RJ<em> campus<\/em> Nova Igua\u00e7u, que teve seu in\u00edcio em 2015 ao perceber que haviam poucas mulheres nas gradua\u00e7\u00f5es de engenharias do<em> campus<\/em>. <\/p>\n\n\n\n<p>Assim, foi iniciado o projeto com o objetivo de realizar palestras em escolas p\u00fablicas, incentivando as meninas mais jovens a ingressarem em faculdades de engenharia e entenderem que engenharia n\u00e3o \u00e9 exclusivamente para homens. <\/p>\n\n\n\n<h2 class=\"wp-block-heading\">A equipe<\/h2>\n\n\n\n<p>A equipe do Cefet\/RJ conta com alunas da gradua\u00e7\u00e3o e do ensino m\u00e9dio t\u00e9cnico do Cefet\/RJ<em> campus<\/em> Nova Igua\u00e7u, e com professores pesquisadores da institui\u00e7\u00e3o.<\/p>\n\n\n\n<h2 class=\"wp-block-heading\">MnR pelo CNPq<\/h2>\n\n\n\n<p>Durante os anos de 2019 e 2020 o projeto Meninas na Rob\u00f3tica foi atendido pela chamada <em>Meninas nas Ci\u00eancias Exatas, Engenharias e Computa\u00e7\u00e3o<\/em> do CNPq N\u00ba 31\/2018, o que possibilitou a amplia\u00e7\u00e3o da sua atua\u00e7\u00e3o, antes dada apenas por visitas e palestras, para um impacto ainda maior na sociedade.<\/p>\n\n\n\n<p>A partir do edital do CNPq, o projeto procura, por meio de materiais did\u00e1ticos e minicursos nas escolas contempladas, incluir estudantes do ensino fundamental II ao ensino m\u00e9dio no mundo da rob\u00f3tica, servindo de incentivo para que estes se interessem pela \u00e1rea de ci\u00eancias exatas e engenharia e proporcionando um aprendizado para os alunos participantes.<\/p>\n\n\n\n<p>Em 2024 o projeto foi novamente contemplado pelo CNPq por meio da chamada <em>Meninas nas Ci\u00eancias Exatas, Engenharias e Computa\u00e7\u00e3o<\/em> do CNPq N\u00ba 31\/2023, o que possibilitar\u00e1 a amplia\u00e7\u00e3o da sua atua\u00e7\u00e3o em outros <em>campi<\/em> do Cefet\/RJ.<\/p>\n\n\n\n<p><strong>Fomentos: <\/strong><\/p>\n\n\n\n<p>Chamada CNPq\/MCTIC N\u00ba 31\/2018 \u2013 Meninas nas Ci\u00eancias Exatas, Engenharias e Computa\u00e7\u00e3o: Processo: 443614\/2018-0 &#8211; <a rel=\"noreferrer noopener\" href=\"http:\/\/resultado.cnpq.br\/4717907115760502\" target=\"_blank\">http:\/\/resultado.cnpq.br\/4717907115760502<\/a><\/p>\n\n\n\n<p>Chamada CNPq\/MCTIC N\u00ba 31\/2023 \u2013 Meninas nas Ci\u00eancias Exatas, Engenharias e Computa\u00e7\u00e3o &#8211;<a rel=\"noreferrer noopener\" href=\"http:\/\/resultado.cnpq.br\/5134790140932590\" target=\"_blank\">http:\/\/resultado.cnpq.br\/7011779725482761<\/a><\/p>\n\n\n\n<p><\/p>\n\n\n\n<h2 class=\"wp-block-heading\">MnR pela FAPERJ<\/h2>\n\n\n\n<p>Durante os anos de 2021  a 2024o projeto Meninas na Rob\u00f3tica foi atendido pelo edital 09\/2021 &#8211; <em>Meninas e Mulheres nas Ci\u00eancias Exatas e da Terra, Engenharias e Computa\u00e7\u00e3o<\/em>&nbsp;da FAPERJ, o que permitiu a continuidade e a amplia\u00e7\u00e3o das atividades nas escolas envolvidas. <\/p>\n\n\n\n<p>Em 2024 o projeto foi novamente contemplado pela FAPERJ por meio do edital N\u00ba 02\/2024 \u2013 <em>Programa Meninas e Mulheres nas Ci\u00eancias Exatas e da Terra, Engenharias e Computa\u00e7\u00e3o<\/em>.<\/p>\n\n\n\n<p><strong>Fomentos: <\/strong><\/p>\n\n\n\n<p>Edital 09\/2021 \u2013 Programa Meninas e Mulheres nas Ci\u00eancias Exatas e da Terra, Engenharias e Computa\u00e7\u00e3o: Processo: 210.840\/2021 &#8211; <a href=\"https:\/\/siteantigo.faperj.br\/?id=4301.2.0\" target=\"_blank\" rel=\"noreferrer noopener\">https:\/\/siteantigo.faperj.br\/?id=4301.2.0<\/a><\/p>\n\n\n\n<p>Edital 02\/2024 \u2013 Programa Meninas e Mulheres nas Ci\u00eancias Exatas e da Terra, Engenharias e Computa\u00e7\u00e3o &#8211; <a href=\"https:\/\/www.faperj.br\/?id=571.7.7\" target=\"_blank\" rel=\"noreferrer noopener\">https:\/\/www.faperj.br\/?id=571.7.7<\/a><\/p>\n\n\n<p><!--EndFragment--><\/p>\n<p><\/p>\n\n\n<p><\/p>\n","protected":false},"excerpt":{"rendered":"<p>Hist\u00f3ria Meninas na Rob\u00f3tica \u00e9 um projeto da Equipe de Rob\u00f3tica BODETRONIC do Cefet\/RJ campus Nova Igua\u00e7u, que teve seu in\u00edcio em 2015 ao perceber que haviam poucas mulheres nas gradua\u00e7\u00f5es de engenharias do campus. Assim, foi iniciado o projeto com o objetivo de realizar palestras em escolas p\u00fablicas, incentivando as meninas mais jovens a [&hellip;]<\/p>\n","protected":false},"author":1,"featured_media":0,"parent":0,"menu_order":0,"comment_status":"closed","ping_status":"closed","template":"","meta":{"footnotes":""},"class_list":["post-62","page","type-page","status-publish","hentry"],"_links":{"self":[{"href":"https:\/\/eic.cefet-rj.br\/meninasnarobotica\/index.php\/wp-json\/wp\/v2\/pages\/62","targetHints":{"allow":["GET"]}}],"collection":[{"href":"https:\/\/eic.cefet-rj.br\/meninasnarobotica\/index.php\/wp-json\/wp\/v2\/pages"}],"about":[{"href":"https:\/\/eic.cefet-rj.br\/meninasnarobotica\/index.php\/wp-json\/wp\/v2\/types\/page"}],"author":[{"embeddable":true,"href":"https:\/\/eic.cefet-rj.br\/meninasnarobotica\/index.php\/wp-json\/wp\/v2\/users\/1"}],"replies":[{"embeddable":true,"href":"https:\/\/eic.cefet-rj.br\/meninasnarobotica\/index.php\/wp-json\/wp\/v2\/comments?post=62"}],"version-history":[{"count":23,"href":"https:\/\/eic.cefet-rj.br\/meninasnarobotica\/index.php\/wp-json\/wp\/v2\/pages\/62\/revisions"}],"predecessor-version":[{"id":2179,"href":"https:\/\/eic.cefet-rj.br\/meninasnarobotica\/index.php\/wp-json\/wp\/v2\/pages\/62\/revisions\/2179"}],"wp:attachment":[{"href":"https:\/\/eic.cefet-rj.br\/meninasnarobotica\/index.php\/wp-json\/wp\/v2\/media?parent=62"}],"curies":[{"name":"wp","href":"https:\/\/api.w.org\/{rel}","templated":true}]}}