{"id":3833,"date":"2026-04-09T18:09:19","date_gmt":"2026-04-09T21:09:19","guid":{"rendered":"https:\/\/eic.cefet-rj.br\/meninasnarobotica\/?page_id=3833"},"modified":"2026-04-09T18:26:54","modified_gmt":"2026-04-09T21:26:54","slug":"publicacoes","status":"publish","type":"page","link":"https:\/\/eic.cefet-rj.br\/meninasnarobotica\/index.php\/publicacoes\/","title":{"rendered":"Publica\u00e7\u00f5es e  Fomentos"},"content":{"rendered":"\n<p><\/p>\n\n\n\n<h2 class=\"wp-block-heading\">Publica\u00e7\u00f5es<\/h2>\n\n\n\n<ul class=\"wp-block-list\">\n<li><a href=\"https:\/\/eic.cefet-rj.br\/meninasnarobotica\/index.php\/2024\/08\/05\/meninas-na-robotica-no-wit-2024-inspirando-futuras-geracoes-em-stem\/\">MEDEIROS, ANNE DE ; AMORIM, AMANDA ; CRUZADO, VICTORIA ; SILVA, IZABELA DA ; VIANA, ANA ; AGUIAR, JULLIE DE ; BRAND\u00c3O, DIEGO ; SILVA, FABR\u00cdCIO ;\u00a0COUTINHO, RAFAELLI\u00a0. Promo\u00e7\u00e3o de espa\u00e7os voltados ao incentivo e forma\u00e7\u00e3o de meninas e mulheres na \u00e1rea tecnol\u00f3gica: Um relato de experi\u00eancia das alunas atuantes. In: Women in Information Technology, 2024, Brasil. Anais do XVIII Women in Information Technology (WIT 2024). p. 343-6.<\/a><\/li>\n<\/ul>\n\n\n\n<p><\/p>\n\n\n\n<ul class=\"wp-block-list\">\n<li><a href=\"http:\/\/dx.doi.org\/10.17398\/1695-288X.19.2.135\" target=\"_blank\" rel=\"noreferrer noopener\"><\/a><a href=\"https:\/\/eic.cefet-rj.br\/meninasnarobotica\/index.php\/2020\/12\/21\/artigo-publicado-na-revista-latinoamericana-de-tecnologia-educativa\/\">BASTOS, A. C. O. ; SOUZA, D. D. L. ; SILVA, D. A. ; SILVA, I. P. ; ALBUQUERQUE, D. ; CARVALHO, C. S. ; PREGO, T. M. ; FERREIRA, J. C. V. ; SILVA, F. L. ;\u00a0COUTINHO, R.\u00a0. Despertando o interesse pelo conhecimento tecnol\u00f3gico usando Rob\u00f3tica: Uma experi\u00eancia na Educa\u00e7\u00e3o B\u00e1sica para igualdade de g\u00eanero. REVISTA LATINOAMERICANA DE TECNOLOG\u00cdA EDUCATIVA, v. 19, p. 135-153, 2020.<\/a><\/li>\n<\/ul>\n\n\n\n<p><\/p>\n\n\n\n<ul class=\"wp-block-list\">\n<li><a href=\"https:\/\/eic.cefet-rj.br\/meninasnarobotica\/index.php\/2020\/11\/01\/artigo-publicado-no-viii-congresso-internacional-interdisciplinar-em-sociais-e-humanidade\/\">FERREIRA, J. C. V. ; SILVA, F. L. ;\u00a0COUTINHO, R.\u00a0; CARVALHO, C. S. ; PREGO, T. M. ; BASTOS, A. C. O. ; MELO, A. S. ; SOUZA, D. D. L.. Meninas na Rob\u00f3tica: G\u00eanero e Engenharias nas Escolas. In: VIII Congresso Internacional Interdisciplinar em Sociais e Humanidades, 2019. Anais do VIII Congresso Internacional Interdisciplinar em Sociais e Humanidades, 2019.<\/a><\/li>\n<\/ul>\n\n\n\n<p><\/p>\n\n\n\n<ul class=\"wp-block-list\">\n<li><a href=\"https:\/\/www.abenge.org.br\/cobenge\/legado\/arquivos\/2\/LivroSD2018.pdf\">QUIRINO, R. ; GONCALVES, B. O. ; ROSA, M. A. G. ; TONINI, A. M. ; LOMBARDI, M. R. ; CASAGRANDE, L. S. ; HOLANDA, K. M. A. ; SOUZA, A. M. F. L. E. ; CERQUEIRA, C. H. C. ; MELO, F. G. ; MARTINS, M. A. F. ; NASCIMENTO, R. A. ; Guarnier, C. ; SILVA, F. L. ; ANDRADE, G. S. ; FERREIRA, J. C. V. ;\u00a0COUTINHO, R.\u00a0; DIAS, T. M. . MULHERES NA ENGENHARIA: DESAFIOS E POSSIBILIDADES. In: Adriana Maria Tonini; T\u00e2nia Regina Dias Silva Pereira. (Org.). DESAFIOS DA EDUCA\u00c7\u00c3O EM ENGENHARIA: Inova\u00e7\u00e3o e Sustentabilidade, Aprendizagem Ativa e Mulheres na Engenharia.. 46ed.: ABENGE, 2018, v. , p. 192-221.<\/a><\/li>\n<\/ul>\n\n\n\n<p><\/p>\n\n\n\n<h2 class=\"wp-block-heading\">Fomentos<\/h2>\n\n\n\n<ul class=\"wp-block-list\">\n<li>Edital 02\/2024 \u2013 Programa Meninas e Mulheres nas Ci\u00eancias Exatas e da Terra, Engenharias e Computa\u00e7\u00e3o: Processo: 210.175\/2025<\/li>\n\n\n\n<li>Chamada CNPq\/MCTIC N\u00ba 31\/2023 \u2013 Meninas nas Ci\u00eancias Exatas, Engenharias e Computa\u00e7\u00e3o: Processo: 440636\/2024-8<\/li>\n\n\n\n<li>Edital 09\/2021 \u2013 Programa Meninas e Mulheres nas Ci\u00eancias Exatas e da Terra, Engenharias e Computa\u00e7\u00e3o: Processo: 210.840\/2021 <\/li>\n\n\n\n<li>Chamada CNPq\/MCTIC N\u00ba 31\/2018 \u2013 Meninas nas Ci\u00eancias Exatas, Engenharias e Computa\u00e7\u00e3o: Processo: 443614\/2018-0 <\/li>\n<\/ul>\n\n\n\n<p><\/p>\n","protected":false},"excerpt":{"rendered":"<p>Publica\u00e7\u00f5es Fomentos<\/p>\n","protected":false},"author":1,"featured_media":0,"parent":0,"menu_order":0,"comment_status":"closed","ping_status":"closed","template":"","meta":{"footnotes":""},"class_list":["post-3833","page","type-page","status-publish","hentry"],"_links":{"self":[{"href":"https:\/\/eic.cefet-rj.br\/meninasnarobotica\/index.php\/wp-json\/wp\/v2\/pages\/3833","targetHints":{"allow":["GET"]}}],"collection":[{"href":"https:\/\/eic.cefet-rj.br\/meninasnarobotica\/index.php\/wp-json\/wp\/v2\/pages"}],"about":[{"href":"https:\/\/eic.cefet-rj.br\/meninasnarobotica\/index.php\/wp-json\/wp\/v2\/types\/page"}],"author":[{"embeddable":true,"href":"https:\/\/eic.cefet-rj.br\/meninasnarobotica\/index.php\/wp-json\/wp\/v2\/users\/1"}],"replies":[{"embeddable":true,"href":"https:\/\/eic.cefet-rj.br\/meninasnarobotica\/index.php\/wp-json\/wp\/v2\/comments?post=3833"}],"version-history":[{"count":5,"href":"https:\/\/eic.cefet-rj.br\/meninasnarobotica\/index.php\/wp-json\/wp\/v2\/pages\/3833\/revisions"}],"predecessor-version":[{"id":3842,"href":"https:\/\/eic.cefet-rj.br\/meninasnarobotica\/index.php\/wp-json\/wp\/v2\/pages\/3833\/revisions\/3842"}],"wp:attachment":[{"href":"https:\/\/eic.cefet-rj.br\/meninasnarobotica\/index.php\/wp-json\/wp\/v2\/media?parent=3833"}],"curies":[{"name":"wp","href":"https:\/\/api.w.org\/{rel}","templated":true}]}}