{"id":2819,"date":"2025-09-04T22:00:17","date_gmt":"2025-09-05T01:00:17","guid":{"rendered":"https:\/\/eic.cefet-rj.br\/meninasnarobotica\/?page_id=2819"},"modified":"2025-09-06T12:38:52","modified_gmt":"2025-09-06T15:38:52","slug":"escola-municipal-professora-maria-campos-da-silva","status":"publish","type":"page","link":"https:\/\/eic.cefet-rj.br\/meninasnarobotica\/index.php\/escola-municipal-professora-maria-campos-da-silva\/","title":{"rendered":"Escola Municipal Professora Maria Campos da Silva"},"content":{"rendered":"\n<p>Ao longo de uma s\u00e9rie de encontros, tivemos a oportunidade de receber no <strong>CEFET-Petr\u00f3polis<\/strong> as alunas bolsistas da <strong>Escola Maria Campos<\/strong> para workshops de rob\u00f3tica e eletr\u00f4nica.<\/p>\n\n\n\n<p>No primeiro encontro, os estudantes conheceram nossos laborat\u00f3rios e tiveram contato com conceitos b\u00e1sicos de circuitos no Tinkercad, dando os primeiros passos no mundo da programa\u00e7\u00e3o e da eletr\u00f4nica.<\/p>\n\n\n\n<p>No segundo momento, o escrit\u00f3rio foi dedicado \u00e0 introdu\u00e7\u00e3o de sensores e componentes eletr\u00f4nicos, explorando suas aplica\u00e7\u00f5es em projetos pr\u00e1ticos.<\/p>\n\n\n\n<p>J\u00e1 no terceiro encontro, as alunas come\u00e7aram a desenvolver o mini-projeto \u201cCopo de Flores\u201d no Tinkercad, unindo criatividade e tecnologia para dar forma \u00e0 ideia inicial.<\/p>\n\n\n\n<p>No quarto encontro, foi hora de colocar a \u201cm\u00e3o na massa\u201d: as meninas montaram o artesanato e deram a vida ao projeto, construindo as flores e preparando a parte pr\u00e1tica do circuito.<\/p>\n\n\n\n<p>Por fim, no quinto encontro , elas finalizaram o mini-projeto do Copo de Flores, integrando a programa\u00e7\u00e3o ao prot\u00f3tipo f\u00edsico \u2013 e o resultado ficou incr\u00edvel! \ud83c\udf38\u2728<\/p>\n\n\n\n<p>Essas atividades proporcionaram momentos de aprendizado, colabora\u00e7\u00e3o e inspira\u00e7\u00e3o, mostrando como a rob\u00f3tica e a tecnologia podem ser divertidas, acess\u00edveis e transformadoras.<\/p>\n\n\n\n<div class=\"wp-block-group is-layout-grid wp-container-core-group-is-layout-9649a0d9 wp-block-group-is-layout-grid\">\n<figure class=\"wp-block-image size-full\"><img loading=\"lazy\" decoding=\"async\" width=\"516\" height=\"516\" src=\"https:\/\/eic.cefet-rj.br\/meninasnarobotica\/wp-content\/uploads\/2025\/09\/image-19-edited.png\" alt=\"\" class=\"wp-image-2828\" srcset=\"https:\/\/eic.cefet-rj.br\/meninasnarobotica\/wp-content\/uploads\/2025\/09\/image-19-edited.png 516w, https:\/\/eic.cefet-rj.br\/meninasnarobotica\/wp-content\/uploads\/2025\/09\/image-19-edited-300x300.png 300w, https:\/\/eic.cefet-rj.br\/meninasnarobotica\/wp-content\/uploads\/2025\/09\/image-19-edited-150x150.png 150w\" sizes=\"auto, (max-width: 516px) 100vw, 516px\" \/><\/figure>\n\n\n\n<figure class=\"wp-block-image size-full\"><img loading=\"lazy\" decoding=\"async\" width=\"455\" height=\"455\" src=\"https:\/\/eic.cefet-rj.br\/meninasnarobotica\/wp-content\/uploads\/2025\/09\/image-20-edited.png\" alt=\"\" class=\"wp-image-2829\" srcset=\"https:\/\/eic.cefet-rj.br\/meninasnarobotica\/wp-content\/uploads\/2025\/09\/image-20-edited.png 455w, https:\/\/eic.cefet-rj.br\/meninasnarobotica\/wp-content\/uploads\/2025\/09\/image-20-edited-300x300.png 300w, https:\/\/eic.cefet-rj.br\/meninasnarobotica\/wp-content\/uploads\/2025\/09\/image-20-edited-150x150.png 150w\" sizes=\"auto, (max-width: 455px) 100vw, 455px\" \/><\/figure>\n\n\n\n<figure class=\"wp-block-image size-full\"><img loading=\"lazy\" decoding=\"async\" width=\"506\" height=\"506\" src=\"https:\/\/eic.cefet-rj.br\/meninasnarobotica\/wp-content\/uploads\/2025\/09\/image-21-edited.png\" alt=\"\" class=\"wp-image-2830\" srcset=\"https:\/\/eic.cefet-rj.br\/meninasnarobotica\/wp-content\/uploads\/2025\/09\/image-21-edited.png 506w, https:\/\/eic.cefet-rj.br\/meninasnarobotica\/wp-content\/uploads\/2025\/09\/image-21-edited-300x300.png 300w, https:\/\/eic.cefet-rj.br\/meninasnarobotica\/wp-content\/uploads\/2025\/09\/image-21-edited-150x150.png 150w\" sizes=\"auto, (max-width: 506px) 100vw, 506px\" \/><\/figure>\n\n\n\n<figure class=\"wp-block-image size-full\"><img loading=\"lazy\" decoding=\"async\" width=\"511\" height=\"511\" src=\"https:\/\/eic.cefet-rj.br\/meninasnarobotica\/wp-content\/uploads\/2025\/09\/image-22-edited.png\" alt=\"\" class=\"wp-image-2831\" srcset=\"https:\/\/eic.cefet-rj.br\/meninasnarobotica\/wp-content\/uploads\/2025\/09\/image-22-edited.png 511w, https:\/\/eic.cefet-rj.br\/meninasnarobotica\/wp-content\/uploads\/2025\/09\/image-22-edited-300x300.png 300w, https:\/\/eic.cefet-rj.br\/meninasnarobotica\/wp-content\/uploads\/2025\/09\/image-22-edited-150x150.png 150w\" sizes=\"auto, (max-width: 511px) 100vw, 511px\" \/><\/figure>\n\n\n\n<p><\/p>\n<\/div>\n\n\n<div class=\"wp-block-image\">\n<figure class=\"aligncenter size-large\"><img loading=\"lazy\" decoding=\"async\" width=\"1024\" height=\"490\" src=\"https:\/\/eic.cefet-rj.br\/meninasnarobotica\/wp-content\/uploads\/2025\/09\/image-23-1024x490.png\" alt=\"\" class=\"wp-image-2825\" srcset=\"https:\/\/eic.cefet-rj.br\/meninasnarobotica\/wp-content\/uploads\/2025\/09\/image-23-1024x490.png 1024w, https:\/\/eic.cefet-rj.br\/meninasnarobotica\/wp-content\/uploads\/2025\/09\/image-23-300x144.png 300w, https:\/\/eic.cefet-rj.br\/meninasnarobotica\/wp-content\/uploads\/2025\/09\/image-23-768x368.png 768w, https:\/\/eic.cefet-rj.br\/meninasnarobotica\/wp-content\/uploads\/2025\/09\/image-23.png 1055w\" sizes=\"auto, (max-width: 1024px) 100vw, 1024px\" \/><\/figure>\n<\/div>\n\n<div class=\"wp-block-image\">\n<figure class=\"aligncenter size-full\"><img loading=\"lazy\" decoding=\"async\" width=\"844\" height=\"452\" src=\"https:\/\/eic.cefet-rj.br\/meninasnarobotica\/wp-content\/uploads\/2025\/09\/image-25.png\" alt=\"\" class=\"wp-image-2827\" srcset=\"https:\/\/eic.cefet-rj.br\/meninasnarobotica\/wp-content\/uploads\/2025\/09\/image-25.png 844w, https:\/\/eic.cefet-rj.br\/meninasnarobotica\/wp-content\/uploads\/2025\/09\/image-25-300x161.png 300w, https:\/\/eic.cefet-rj.br\/meninasnarobotica\/wp-content\/uploads\/2025\/09\/image-25-768x411.png 768w\" sizes=\"auto, (max-width: 844px) 100vw, 844px\" \/><\/figure>\n<\/div>\n\n<div class=\"wp-block-image\">\n<figure class=\"aligncenter size-full\"><img loading=\"lazy\" decoding=\"async\" width=\"996\" height=\"480\" src=\"https:\/\/eic.cefet-rj.br\/meninasnarobotica\/wp-content\/uploads\/2025\/09\/image-26.png\" alt=\"\" class=\"wp-image-2832\" srcset=\"https:\/\/eic.cefet-rj.br\/meninasnarobotica\/wp-content\/uploads\/2025\/09\/image-26.png 996w, https:\/\/eic.cefet-rj.br\/meninasnarobotica\/wp-content\/uploads\/2025\/09\/image-26-300x145.png 300w, https:\/\/eic.cefet-rj.br\/meninasnarobotica\/wp-content\/uploads\/2025\/09\/image-26-768x370.png 768w\" sizes=\"auto, (max-width: 996px) 100vw, 996px\" \/><\/figure>\n<\/div>\n\n<div class=\"wp-block-image\">\n<figure class=\"aligncenter size-full\"><img loading=\"lazy\" decoding=\"async\" width=\"867\" height=\"440\" src=\"https:\/\/eic.cefet-rj.br\/meninasnarobotica\/wp-content\/uploads\/2025\/09\/image-27.png\" alt=\"\" class=\"wp-image-2833\" srcset=\"https:\/\/eic.cefet-rj.br\/meninasnarobotica\/wp-content\/uploads\/2025\/09\/image-27.png 867w, https:\/\/eic.cefet-rj.br\/meninasnarobotica\/wp-content\/uploads\/2025\/09\/image-27-300x152.png 300w, https:\/\/eic.cefet-rj.br\/meninasnarobotica\/wp-content\/uploads\/2025\/09\/image-27-768x390.png 768w\" sizes=\"auto, (max-width: 867px) 100vw, 867px\" \/><\/figure>\n<\/div>\n\n<div class=\"wp-block-image\">\n<figure class=\"aligncenter size-full\"><img loading=\"lazy\" decoding=\"async\" width=\"993\" height=\"660\" src=\"https:\/\/eic.cefet-rj.br\/meninasnarobotica\/wp-content\/uploads\/2025\/09\/image-29.png\" alt=\"\" class=\"wp-image-2835\" srcset=\"https:\/\/eic.cefet-rj.br\/meninasnarobotica\/wp-content\/uploads\/2025\/09\/image-29.png 993w, https:\/\/eic.cefet-rj.br\/meninasnarobotica\/wp-content\/uploads\/2025\/09\/image-29-300x199.png 300w, https:\/\/eic.cefet-rj.br\/meninasnarobotica\/wp-content\/uploads\/2025\/09\/image-29-768x510.png 768w\" sizes=\"auto, (max-width: 993px) 100vw, 993px\" \/><\/figure>\n<\/div>\n\n\n<div class=\"wp-block-group is-layout-grid wp-container-core-group-is-layout-9649a0d9 wp-block-group-is-layout-grid\">\n<figure class=\"wp-block-image size-full\"><img loading=\"lazy\" decoding=\"async\" width=\"609\" height=\"609\" src=\"https:\/\/eic.cefet-rj.br\/meninasnarobotica\/wp-content\/uploads\/2025\/09\/image-31-edited.png\" alt=\"\" class=\"wp-image-2844\" srcset=\"https:\/\/eic.cefet-rj.br\/meninasnarobotica\/wp-content\/uploads\/2025\/09\/image-31-edited.png 609w, https:\/\/eic.cefet-rj.br\/meninasnarobotica\/wp-content\/uploads\/2025\/09\/image-31-edited-300x300.png 300w, https:\/\/eic.cefet-rj.br\/meninasnarobotica\/wp-content\/uploads\/2025\/09\/image-31-edited-150x150.png 150w\" sizes=\"auto, (max-width: 609px) 100vw, 609px\" \/><\/figure>\n\n\n\n<figure class=\"wp-block-image size-full\"><img loading=\"lazy\" decoding=\"async\" width=\"607\" height=\"607\" src=\"https:\/\/eic.cefet-rj.br\/meninasnarobotica\/wp-content\/uploads\/2025\/09\/image-32-edited.png\" alt=\"\" class=\"wp-image-2841\" srcset=\"https:\/\/eic.cefet-rj.br\/meninasnarobotica\/wp-content\/uploads\/2025\/09\/image-32-edited.png 607w, https:\/\/eic.cefet-rj.br\/meninasnarobotica\/wp-content\/uploads\/2025\/09\/image-32-edited-300x300.png 300w, https:\/\/eic.cefet-rj.br\/meninasnarobotica\/wp-content\/uploads\/2025\/09\/image-32-edited-150x150.png 150w\" sizes=\"auto, (max-width: 607px) 100vw, 607px\" \/><\/figure>\n\n\n\n<figure class=\"wp-block-image size-full\"><img loading=\"lazy\" decoding=\"async\" width=\"465\" height=\"465\" src=\"https:\/\/eic.cefet-rj.br\/meninasnarobotica\/wp-content\/uploads\/2025\/09\/image-33-edited.png\" alt=\"\" class=\"wp-image-2842\" srcset=\"https:\/\/eic.cefet-rj.br\/meninasnarobotica\/wp-content\/uploads\/2025\/09\/image-33-edited.png 465w, https:\/\/eic.cefet-rj.br\/meninasnarobotica\/wp-content\/uploads\/2025\/09\/image-33-edited-300x300.png 300w, https:\/\/eic.cefet-rj.br\/meninasnarobotica\/wp-content\/uploads\/2025\/09\/image-33-edited-150x150.png 150w\" sizes=\"auto, (max-width: 465px) 100vw, 465px\" \/><\/figure>\n\n\n\n<figure class=\"wp-block-image size-full\"><img loading=\"lazy\" decoding=\"async\" width=\"467\" height=\"467\" src=\"https:\/\/eic.cefet-rj.br\/meninasnarobotica\/wp-content\/uploads\/2025\/09\/image-34-edited.png\" alt=\"\" class=\"wp-image-2843\" srcset=\"https:\/\/eic.cefet-rj.br\/meninasnarobotica\/wp-content\/uploads\/2025\/09\/image-34-edited.png 467w, https:\/\/eic.cefet-rj.br\/meninasnarobotica\/wp-content\/uploads\/2025\/09\/image-34-edited-300x300.png 300w, https:\/\/eic.cefet-rj.br\/meninasnarobotica\/wp-content\/uploads\/2025\/09\/image-34-edited-150x150.png 150w\" sizes=\"auto, (max-width: 467px) 100vw, 467px\" \/><\/figure>\n<\/div>\n\n\n\n<p><\/p>\n\n\n<div class=\"wp-block-image\">\n<figure class=\"aligncenter size-large\"><img loading=\"lazy\" decoding=\"async\" width=\"1024\" height=\"594\" src=\"https:\/\/eic.cefet-rj.br\/meninasnarobotica\/wp-content\/uploads\/2025\/09\/image-30-1024x594.png\" alt=\"\" class=\"wp-image-2836\" srcset=\"https:\/\/eic.cefet-rj.br\/meninasnarobotica\/wp-content\/uploads\/2025\/09\/image-30-1024x594.png 1024w, https:\/\/eic.cefet-rj.br\/meninasnarobotica\/wp-content\/uploads\/2025\/09\/image-30-300x174.png 300w, https:\/\/eic.cefet-rj.br\/meninasnarobotica\/wp-content\/uploads\/2025\/09\/image-30-768x446.png 768w, https:\/\/eic.cefet-rj.br\/meninasnarobotica\/wp-content\/uploads\/2025\/09\/image-30.png 1044w\" sizes=\"auto, (max-width: 1024px) 100vw, 1024px\" \/><\/figure>\n<\/div>\n\n<div class=\"wp-block-image\">\n<figure class=\"aligncenter size-large\"><img loading=\"lazy\" decoding=\"async\" width=\"1024\" height=\"439\" src=\"https:\/\/eic.cefet-rj.br\/meninasnarobotica\/wp-content\/uploads\/2025\/09\/image-35-1024x439.png\" alt=\"\" class=\"wp-image-2845\" srcset=\"https:\/\/eic.cefet-rj.br\/meninasnarobotica\/wp-content\/uploads\/2025\/09\/image-35-1024x439.png 1024w, https:\/\/eic.cefet-rj.br\/meninasnarobotica\/wp-content\/uploads\/2025\/09\/image-35-300x129.png 300w, https:\/\/eic.cefet-rj.br\/meninasnarobotica\/wp-content\/uploads\/2025\/09\/image-35-768x329.png 768w, https:\/\/eic.cefet-rj.br\/meninasnarobotica\/wp-content\/uploads\/2025\/09\/image-35.png 1385w\" sizes=\"auto, (max-width: 1024px) 100vw, 1024px\" \/><\/figure>\n<\/div>\n\n<div class=\"wp-block-image\">\n<figure class=\"aligncenter size-large\"><img loading=\"lazy\" decoding=\"async\" width=\"1024\" height=\"611\" src=\"https:\/\/eic.cefet-rj.br\/meninasnarobotica\/wp-content\/uploads\/2025\/09\/image-36-1024x611.png\" alt=\"\" class=\"wp-image-2846\" srcset=\"https:\/\/eic.cefet-rj.br\/meninasnarobotica\/wp-content\/uploads\/2025\/09\/image-36-1024x611.png 1024w, https:\/\/eic.cefet-rj.br\/meninasnarobotica\/wp-content\/uploads\/2025\/09\/image-36-300x179.png 300w, https:\/\/eic.cefet-rj.br\/meninasnarobotica\/wp-content\/uploads\/2025\/09\/image-36-768x458.png 768w, https:\/\/eic.cefet-rj.br\/meninasnarobotica\/wp-content\/uploads\/2025\/09\/image-36.png 1065w\" sizes=\"auto, (max-width: 1024px) 100vw, 1024px\" \/><\/figure>\n<\/div>\n\n\n<p><\/p>\n","protected":false},"excerpt":{"rendered":"<p>Ao longo de uma s\u00e9rie de encontros, tivemos a oportunidade de receber no CEFET-Petr\u00f3polis as alunas bolsistas da Escola Maria Campos para workshops de rob\u00f3tica e eletr\u00f4nica. No primeiro encontro, os estudantes conheceram nossos laborat\u00f3rios e tiveram contato com conceitos b\u00e1sicos de circuitos no Tinkercad, dando os primeiros passos no mundo da programa\u00e7\u00e3o e da [&hellip;]<\/p>\n","protected":false},"author":5,"featured_media":2852,"parent":0,"menu_order":0,"comment_status":"closed","ping_status":"closed","template":"","meta":{"footnotes":""},"class_list":["post-2819","page","type-page","status-publish","has-post-thumbnail","hentry"],"_links":{"self":[{"href":"https:\/\/eic.cefet-rj.br\/meninasnarobotica\/index.php\/wp-json\/wp\/v2\/pages\/2819","targetHints":{"allow":["GET"]}}],"collection":[{"href":"https:\/\/eic.cefet-rj.br\/meninasnarobotica\/index.php\/wp-json\/wp\/v2\/pages"}],"about":[{"href":"https:\/\/eic.cefet-rj.br\/meninasnarobotica\/index.php\/wp-json\/wp\/v2\/types\/page"}],"author":[{"embeddable":true,"href":"https:\/\/eic.cefet-rj.br\/meninasnarobotica\/index.php\/wp-json\/wp\/v2\/users\/5"}],"replies":[{"embeddable":true,"href":"https:\/\/eic.cefet-rj.br\/meninasnarobotica\/index.php\/wp-json\/wp\/v2\/comments?post=2819"}],"version-history":[{"count":7,"href":"https:\/\/eic.cefet-rj.br\/meninasnarobotica\/index.php\/wp-json\/wp\/v2\/pages\/2819\/revisions"}],"predecessor-version":[{"id":2867,"href":"https:\/\/eic.cefet-rj.br\/meninasnarobotica\/index.php\/wp-json\/wp\/v2\/pages\/2819\/revisions\/2867"}],"wp:featuredmedia":[{"embeddable":true,"href":"https:\/\/eic.cefet-rj.br\/meninasnarobotica\/index.php\/wp-json\/wp\/v2\/media\/2852"}],"wp:attachment":[{"href":"https:\/\/eic.cefet-rj.br\/meninasnarobotica\/index.php\/wp-json\/wp\/v2\/media?parent=2819"}],"curies":[{"name":"wp","href":"https:\/\/api.w.org\/{rel}","templated":true}]}}