{"id":2164,"date":"2024-10-30T19:19:39","date_gmt":"2024-10-30T22:19:39","guid":{"rendered":"https:\/\/eic.cefet-rj.br\/meninasnarobotica\/?page_id=2164"},"modified":"2025-09-03T11:12:54","modified_gmt":"2025-09-03T14:12:54","slug":"coordenacao","status":"publish","type":"page","link":"https:\/\/eic.cefet-rj.br\/meninasnarobotica\/index.php\/coordenacao\/","title":{"rendered":"Coordena\u00e7\u00e3o"},"content":{"rendered":"\n<h3 class=\"wp-block-heading\">Coordena\u00e7\u00e3o Geral<\/h3>\n\n\n\n<ul class=\"wp-block-list\">\n<li>Rafaelli de Carvalho Coutinho (Doutora em Computa\u00e7\u00e3o) &#8211; Cefet\/RJ Nova Igua\u00e7u &#8211; Coordenadora Chamada CNPq\/MCTIC N\u00ba 31\/2018; Edital FAPERJ 09\/2021; e Edital FAPERJ N\u00ba 02\/2024. <\/li>\n\n\n\n<li>Laura Silva de Assis (Doutora em Engenharia El\u00e9trica) &#8211; Cefet\/RJ Petr\u00f3polis &#8211; Coordenadora Chamada CNPq\/MCTI N\u00ba 31\/2023.<\/li>\n<\/ul>\n\n\n\n<div class=\"wp-block-columns is-layout-flex wp-container-core-columns-is-layout-9d6595d7 wp-block-columns-is-layout-flex\">\n<div class=\"wp-block-column is-layout-flow wp-block-column-is-layout-flow\"><div class=\"wp-block-image is-resized\">\n<figure class=\"aligncenter size-large\"><img loading=\"lazy\" decoding=\"async\" width=\"1024\" height=\"1022\" src=\"https:\/\/eic.cefet-rj.br\/meninasnarobotica\/wp-content\/uploads\/2025\/09\/rafa-1024x1022.png\" alt=\"\" class=\"wp-image-2734\" style=\"width:249px;height:auto\" srcset=\"https:\/\/eic.cefet-rj.br\/meninasnarobotica\/wp-content\/uploads\/2025\/09\/rafa-1024x1022.png 1024w, https:\/\/eic.cefet-rj.br\/meninasnarobotica\/wp-content\/uploads\/2025\/09\/rafa-300x300.png 300w, https:\/\/eic.cefet-rj.br\/meninasnarobotica\/wp-content\/uploads\/2025\/09\/rafa-150x150.png 150w, https:\/\/eic.cefet-rj.br\/meninasnarobotica\/wp-content\/uploads\/2025\/09\/rafa-768x767.png 768w, https:\/\/eic.cefet-rj.br\/meninasnarobotica\/wp-content\/uploads\/2025\/09\/rafa.png 1109w\" sizes=\"auto, (max-width: 1024px) 100vw, 1024px\" \/><figcaption class=\"wp-element-caption\">Rafaelli de Carvalho Coutinho<\/figcaption><\/figure>\n<\/div><\/div>\n\n\n\n<div class=\"wp-block-column is-layout-flow wp-block-column-is-layout-flow\"><div class=\"wp-block-image is-resized\">\n<figure class=\"aligncenter size-large\"><img loading=\"lazy\" decoding=\"async\" width=\"1024\" height=\"1011\" src=\"https:\/\/eic.cefet-rj.br\/meninasnarobotica\/wp-content\/uploads\/2025\/09\/laura-1024x1011.png\" alt=\"\" class=\"wp-image-2731\" style=\"width:248px;height:auto\" srcset=\"https:\/\/eic.cefet-rj.br\/meninasnarobotica\/wp-content\/uploads\/2025\/09\/laura-1024x1011.png 1024w, https:\/\/eic.cefet-rj.br\/meninasnarobotica\/wp-content\/uploads\/2025\/09\/laura-300x296.png 300w, https:\/\/eic.cefet-rj.br\/meninasnarobotica\/wp-content\/uploads\/2025\/09\/laura-768x758.png 768w, https:\/\/eic.cefet-rj.br\/meninasnarobotica\/wp-content\/uploads\/2025\/09\/laura.png 1117w\" sizes=\"auto, (max-width: 1024px) 100vw, 1024px\" \/><figcaption class=\"wp-element-caption\">Laura Silva de Assis<\/figcaption><\/figure>\n<\/div><\/div>\n<\/div>\n\n\n\n<h3 class=\"wp-block-heading\">Coordena\u00e7\u00f5es Locais<\/h3>\n\n\n\n<h4 class=\"wp-block-heading\">Campus Nova Igua\u00e7u<\/h4>\n\n\n\n<ul class=\"wp-block-list\">\n<li>Rafaelli de Carvalho Coutinho (Doutora em Computa\u00e7\u00e3o) <\/li>\n\n\n\n<li>Fabr\u00edcio Lopes e Silva (Mestre em Engenharia Mec\u00e2nica)<\/li>\n<\/ul>\n\n\n\n<p><\/p>\n\n\n\n<h4 class=\"wp-block-heading\">Campus Petr\u00f3polis<\/h4>\n\n\n\n<ul class=\"wp-block-list\">\n<li>Laura Silva de Assis (Doutora em Computa\u00e7\u00e3o)<\/li>\n\n\n\n<li>Cristiano de Souza de Carvalho (Doutor em Engenharia Mec\u00e2nica)<\/li>\n<\/ul>\n\n\n\n<p><\/p>\n\n\n\n<h4 class=\"wp-block-heading\">Campus Maracan\u00e3<\/h4>\n\n\n\n<ul class=\"wp-block-list\">\n<li>Kele Teixeira Belloze (Doutora em Biologia Computacional e Sistemas)<\/li>\n\n\n\n<li>Mayara Midori Omai (Mestre em Ci\u00eancia da Computa\u00e7\u00e3o)\u00a0<\/li>\n<\/ul>\n","protected":false},"excerpt":{"rendered":"<p>Coordena\u00e7\u00e3o Geral Coordena\u00e7\u00f5es Locais Campus Nova Igua\u00e7u Campus Petr\u00f3polis Campus Maracan\u00e3<\/p>\n","protected":false},"author":1,"featured_media":0,"parent":0,"menu_order":0,"comment_status":"closed","ping_status":"closed","template":"","meta":{"footnotes":""},"class_list":["post-2164","page","type-page","status-publish","hentry"],"_links":{"self":[{"href":"https:\/\/eic.cefet-rj.br\/meninasnarobotica\/index.php\/wp-json\/wp\/v2\/pages\/2164","targetHints":{"allow":["GET"]}}],"collection":[{"href":"https:\/\/eic.cefet-rj.br\/meninasnarobotica\/index.php\/wp-json\/wp\/v2\/pages"}],"about":[{"href":"https:\/\/eic.cefet-rj.br\/meninasnarobotica\/index.php\/wp-json\/wp\/v2\/types\/page"}],"author":[{"embeddable":true,"href":"https:\/\/eic.cefet-rj.br\/meninasnarobotica\/index.php\/wp-json\/wp\/v2\/users\/1"}],"replies":[{"embeddable":true,"href":"https:\/\/eic.cefet-rj.br\/meninasnarobotica\/index.php\/wp-json\/wp\/v2\/comments?post=2164"}],"version-history":[{"count":6,"href":"https:\/\/eic.cefet-rj.br\/meninasnarobotica\/index.php\/wp-json\/wp\/v2\/pages\/2164\/revisions"}],"predecessor-version":[{"id":2752,"href":"https:\/\/eic.cefet-rj.br\/meninasnarobotica\/index.php\/wp-json\/wp\/v2\/pages\/2164\/revisions\/2752"}],"wp:attachment":[{"href":"https:\/\/eic.cefet-rj.br\/meninasnarobotica\/index.php\/wp-json\/wp\/v2\/media?parent=2164"}],"curies":[{"name":"wp","href":"https:\/\/api.w.org\/{rel}","templated":true}]}}