{"id":21,"date":"2019-04-15T17:15:54","date_gmt":"2019-04-15T20:15:54","guid":{"rendered":"https:\/\/eic.cefet-rj.br\/meninasnarobotica\/?page_id=21"},"modified":"2025-11-05T18:31:08","modified_gmt":"2025-11-05T21:31:08","slug":"escolas-envolvidas","status":"publish","type":"page","link":"https:\/\/eic.cefet-rj.br\/meninasnarobotica\/index.php\/escolas-envolvidas\/","title":{"rendered":"Escolas envolvidas no momento"},"content":{"rendered":"\n<h4 class=\"wp-block-heading\"><a href=\"https:\/\/eic.cefet-rj.br\/meninasnarobotica\/index.php\/category\/EM-Jaceruba\/\" target=\"_blank\" rel=\"noreferrer noopener\">Escola Municipal de Jaceruba<\/a><\/h4>\n\n\n<div class=\"wp-block-image\">\n<figure class=\"aligncenter is-resized\"><img loading=\"lazy\" decoding=\"async\" width=\"1024\" height=\"768\" src=\"https:\/\/eic.cefet-rj.br\/meninasnarobotica\/wp-content\/uploads\/2019\/05\/Escola-Jaceruba-1024x768.jpeg\" alt=\"\" class=\"wp-image-111\" style=\"width:480px;height:auto\" srcset=\"https:\/\/eic.cefet-rj.br\/meninasnarobotica\/wp-content\/uploads\/2019\/05\/Escola-Jaceruba-1024x768.jpeg 1024w, https:\/\/eic.cefet-rj.br\/meninasnarobotica\/wp-content\/uploads\/2019\/05\/Escola-Jaceruba-300x225.jpeg 300w, https:\/\/eic.cefet-rj.br\/meninasnarobotica\/wp-content\/uploads\/2019\/05\/Escola-Jaceruba-768x576.jpeg 768w, https:\/\/eic.cefet-rj.br\/meninasnarobotica\/wp-content\/uploads\/2019\/05\/Escola-Jaceruba.jpeg 1280w\" sizes=\"auto, (max-width: 1024px) 100vw, 1024px\" \/><\/figure>\n<\/div>\n\n\n<p><strong>Endere\u00e7o: <\/strong>  Estrada de Japeri, s\/no &#8211; Jaceruba  &#8211; Nova Igua\u00e7u &#8211; RJ.<\/p>\n\n\n\n<p><\/p>\n\n\n\n<h4 class=\"wp-block-heading\"><a href=\"https:\/\/eic.cefet-rj.br\/meninasnarobotica\/index.php\/category\/EM-Julio-Rabello-Guimaraes\/\" target=\"_blank\" rel=\"noreferrer noopener\">Escola Municipal J\u00falio Rabello Guimar\u00e3es<\/a><\/h4>\n\n\n<div class=\"wp-block-image\">\n<figure class=\"aligncenter size-large is-resized\"><img loading=\"lazy\" decoding=\"async\" width=\"1024\" height=\"794\" src=\"https:\/\/eic.cefet-rj.br\/meninasnarobotica\/wp-content\/uploads\/2025\/09\/Imagem-do-WhatsApp-de-2025-09-03-as-18.20.38_7e1b52bf-1024x794.jpg\" alt=\"\" class=\"wp-image-2764\" style=\"width:512px;height:auto\" srcset=\"https:\/\/eic.cefet-rj.br\/meninasnarobotica\/wp-content\/uploads\/2025\/09\/Imagem-do-WhatsApp-de-2025-09-03-as-18.20.38_7e1b52bf-1024x794.jpg 1024w, https:\/\/eic.cefet-rj.br\/meninasnarobotica\/wp-content\/uploads\/2025\/09\/Imagem-do-WhatsApp-de-2025-09-03-as-18.20.38_7e1b52bf-300x232.jpg 300w, https:\/\/eic.cefet-rj.br\/meninasnarobotica\/wp-content\/uploads\/2025\/09\/Imagem-do-WhatsApp-de-2025-09-03-as-18.20.38_7e1b52bf-768x595.jpg 768w, https:\/\/eic.cefet-rj.br\/meninasnarobotica\/wp-content\/uploads\/2025\/09\/Imagem-do-WhatsApp-de-2025-09-03-as-18.20.38_7e1b52bf.jpg 1284w\" sizes=\"auto, (max-width: 1024px) 100vw, 1024px\" \/><\/figure>\n<\/div>\n\n\n<p><strong>Endere\u00e7o: <\/strong>   Rua Dom Henrique, 230 &#8211; Bairro da Luz  &#8211; Nova Igua\u00e7u &#8211; RJ<\/p>\n\n\n\n<p><\/p>\n\n\n\n<h4 class=\"wp-block-heading\"><a href=\"https:\/\/eic.cefet-rj.br\/meninasnarobotica\/index.php\/category\/CE-Frei-Henrique-Coimbra\/\" target=\"_blank\" rel=\"noreferrer noopener\">Col\u00e9gio Estadual Frei Henrique de Coimbra <\/a><\/h4>\n\n\n<div class=\"wp-block-image\">\n<figure class=\"aligncenter size-full is-resized\"><img loading=\"lazy\" decoding=\"async\" width=\"768\" height=\"408\" src=\"https:\/\/eic.cefet-rj.br\/meninasnarobotica\/wp-content\/uploads\/2025\/09\/image-1.png\" alt=\"\" class=\"wp-image-2761\" style=\"width:522px;height:auto\" srcset=\"https:\/\/eic.cefet-rj.br\/meninasnarobotica\/wp-content\/uploads\/2025\/09\/image-1.png 768w, https:\/\/eic.cefet-rj.br\/meninasnarobotica\/wp-content\/uploads\/2025\/09\/image-1-300x159.png 300w\" sizes=\"auto, (max-width: 768px) 100vw, 768px\" \/><\/figure>\n<\/div>\n\n\n<p><strong>Endere\u00e7o: <\/strong>  Av. Dem\u00e9trio Ribeiro, s\/no &#8211; Figueira &#8211; Duque de Caxias &#8211; RJ.<\/p>\n\n\n\n<p><\/p>\n\n\n\n<h4 class=\"wp-block-heading\"><a href=\"https:\/\/eic.cefet-rj.br\/meninasnarobotica\/index.php\/category\/CE-Presidente-Kennedy\/\" target=\"_blank\" rel=\"noreferrer noopener\">Col\u00e9gio Estadual Presidente Kennedy<\/a><\/h4>\n\n\n<div class=\"wp-block-image\">\n<figure class=\"aligncenter size-large is-resized\"><img loading=\"lazy\" decoding=\"async\" width=\"1129\" height=\"636\" src=\"https:\/\/eic.cefet-rj.br\/meninasnarobotica\/wp-content\/uploads\/2025\/09\/Imagem-do-WhatsApp-de-2025-09-03-as-17.53.24_52c14e01-edited.jpg\" alt=\"\" class=\"wp-image-2759\" style=\"width:540px;height:auto\" srcset=\"https:\/\/eic.cefet-rj.br\/meninasnarobotica\/wp-content\/uploads\/2025\/09\/Imagem-do-WhatsApp-de-2025-09-03-as-17.53.24_52c14e01-edited.jpg 1129w, https:\/\/eic.cefet-rj.br\/meninasnarobotica\/wp-content\/uploads\/2025\/09\/Imagem-do-WhatsApp-de-2025-09-03-as-17.53.24_52c14e01-edited-300x169.jpg 300w, https:\/\/eic.cefet-rj.br\/meninasnarobotica\/wp-content\/uploads\/2025\/09\/Imagem-do-WhatsApp-de-2025-09-03-as-17.53.24_52c14e01-edited-1024x577.jpg 1024w, https:\/\/eic.cefet-rj.br\/meninasnarobotica\/wp-content\/uploads\/2025\/09\/Imagem-do-WhatsApp-de-2025-09-03-as-17.53.24_52c14e01-edited-768x433.jpg 768w\" sizes=\"auto, (max-width: 1129px) 100vw, 1129px\" \/><\/figure>\n<\/div>\n\n\n<p><strong>Endere\u00e7o: <\/strong>   R. Postal, 50 &#8211; Vila Medeiros &#8211; Belford Roxo &#8211; RJ.<\/p>\n\n\n\n<p><\/p>\n\n\n\n<h4 class=\"wp-block-heading\"><a href=\"https:\/\/eic.cefet-rj.br\/meninasnarobotica\/index.php\/category\/CE-Profa-Marina-Bento\/\" target=\"_blank\" rel=\"noreferrer noopener\">Col\u00e9gio Estadual Professora Marina Bento<\/a><\/h4>\n\n\n<div class=\"wp-block-image\">\n<figure class=\"aligncenter size-large is-resized\"><img loading=\"lazy\" decoding=\"async\" width=\"1024\" height=\"629\" src=\"https:\/\/eic.cefet-rj.br\/meninasnarobotica\/wp-content\/uploads\/2025\/09\/image-4-1024x629.png\" alt=\"\" class=\"wp-image-2787\" style=\"width:560px;height:auto\" srcset=\"https:\/\/eic.cefet-rj.br\/meninasnarobotica\/wp-content\/uploads\/2025\/09\/image-4-1024x629.png 1024w, https:\/\/eic.cefet-rj.br\/meninasnarobotica\/wp-content\/uploads\/2025\/09\/image-4-300x184.png 300w, https:\/\/eic.cefet-rj.br\/meninasnarobotica\/wp-content\/uploads\/2025\/09\/image-4-768x472.png 768w, https:\/\/eic.cefet-rj.br\/meninasnarobotica\/wp-content\/uploads\/2025\/09\/image-4.png 1109w\" sizes=\"auto, (max-width: 1024px) 100vw, 1024px\" \/><\/figure>\n<\/div>\n\n\n<p><strong>Endere\u00e7o:<\/strong> R. Vitor Hugo,&nbsp;164 &#8211; Vila de Cava &#8211; Nova Igua\u00e7u &#8211; RJ<\/p>\n\n\n\n<p><\/p>\n\n\n\n<h4 class=\"wp-block-heading\"><a href=\"https:\/\/eic.cefet-rj.br\/meninasnarobotica\/index.php\/category\/EM-Profa-Maria-Campos-da-Silva\/\" target=\"_blank\" rel=\"noreferrer noopener\">Escola <\/a><a href=\"https:\/\/eic.cefet-rj.br\/meninasnarobotica\/index.php\/category\/EM-Profa-Maria-Campos-da-Silva\/\">Municipal Professora Maria Campos da Silva<\/a><\/h4>\n\n\n<div class=\"wp-block-image\">\n<figure class=\"aligncenter size-large is-resized\"><img loading=\"lazy\" decoding=\"async\" width=\"1024\" height=\"618\" src=\"https:\/\/eic.cefet-rj.br\/meninasnarobotica\/wp-content\/uploads\/2025\/09\/Imagem-do-WhatsApp-de-2025-09-04-as-20.41.26_305e3155-1024x618.jpg\" alt=\"\" class=\"wp-image-2788\" style=\"width:570px;height:auto\" srcset=\"https:\/\/eic.cefet-rj.br\/meninasnarobotica\/wp-content\/uploads\/2025\/09\/Imagem-do-WhatsApp-de-2025-09-04-as-20.41.26_305e3155-1024x618.jpg 1024w, https:\/\/eic.cefet-rj.br\/meninasnarobotica\/wp-content\/uploads\/2025\/09\/Imagem-do-WhatsApp-de-2025-09-04-as-20.41.26_305e3155-300x181.jpg 300w, https:\/\/eic.cefet-rj.br\/meninasnarobotica\/wp-content\/uploads\/2025\/09\/Imagem-do-WhatsApp-de-2025-09-04-as-20.41.26_305e3155-768x464.jpg 768w, https:\/\/eic.cefet-rj.br\/meninasnarobotica\/wp-content\/uploads\/2025\/09\/Imagem-do-WhatsApp-de-2025-09-04-as-20.41.26_305e3155.jpg 1135w\" sizes=\"auto, (max-width: 1024px) 100vw, 1024px\" \/><\/figure>\n<\/div>\n\n\n<p><strong>Endere\u00e7o:<\/strong> R. Buenos Aires, 108 &#8211; Centro &#8211; Petr\u00f3polis&nbsp;&#8211;&nbsp;RJ<\/p>\n\n\n\n<p><\/p>\n\n\n\n<h4 class=\"wp-block-heading\"><a href=\"https:\/\/eic.cefet-rj.br\/meninasnarobotica\/index.php\/category\/CIEP-340\/\">CIEP 340 Professora La\u00eds Martins<\/a><\/h4>\n\n\n<div class=\"wp-block-image\">\n<figure class=\"aligncenter size-large is-resized\"><img loading=\"lazy\" decoding=\"async\" width=\"1024\" height=\"617\" src=\"https:\/\/eic.cefet-rj.br\/meninasnarobotica\/wp-content\/uploads\/2025\/09\/Imagem-do-WhatsApp-de-2025-09-04-as-20.44.58_90e2ecd2-1024x617.jpg\" alt=\"\" class=\"wp-image-2789\" style=\"width:573px;height:auto\" srcset=\"https:\/\/eic.cefet-rj.br\/meninasnarobotica\/wp-content\/uploads\/2025\/09\/Imagem-do-WhatsApp-de-2025-09-04-as-20.44.58_90e2ecd2-1024x617.jpg 1024w, https:\/\/eic.cefet-rj.br\/meninasnarobotica\/wp-content\/uploads\/2025\/09\/Imagem-do-WhatsApp-de-2025-09-04-as-20.44.58_90e2ecd2-300x181.jpg 300w, https:\/\/eic.cefet-rj.br\/meninasnarobotica\/wp-content\/uploads\/2025\/09\/Imagem-do-WhatsApp-de-2025-09-04-as-20.44.58_90e2ecd2-768x463.jpg 768w, https:\/\/eic.cefet-rj.br\/meninasnarobotica\/wp-content\/uploads\/2025\/09\/Imagem-do-WhatsApp-de-2025-09-04-as-20.44.58_90e2ecd2.jpg 1094w\" sizes=\"auto, (max-width: 1024px) 100vw, 1024px\" \/><\/figure>\n<\/div>\n\n\n<p><strong>Endere\u00e7o:<\/strong> Estrada Velha do Pilar, 0 &#8211; Figueira &#8211; Duque de Caxias&nbsp;&#8211;&nbsp;RJ<\/p>\n\n\n\n<p><\/p>\n\n\n\n<h4 class=\"wp-block-heading\"><a href=\"https:\/\/eic.cefet-rj.br\/meninasnarobotica\/index.php\/category\/CE-Antonio-Prado-Junior\/\" target=\"_blank\" rel=\"noreferrer noopener\">Col\u00e9gio Estadual Ant\u00f4nio Prado Junior<\/a><\/h4>\n\n\n<div class=\"wp-block-image\">\n<figure class=\"aligncenter size-large is-resized\"><img loading=\"lazy\" decoding=\"async\" width=\"1024\" height=\"812\" src=\"https:\/\/eic.cefet-rj.br\/meninasnarobotica\/wp-content\/uploads\/2025\/09\/Imagem-do-WhatsApp-de-2025-09-04-as-20.48.09_03bb01b3-1024x812.jpg\" alt=\"\" class=\"wp-image-2791\" style=\"width:557px;height:auto\" srcset=\"https:\/\/eic.cefet-rj.br\/meninasnarobotica\/wp-content\/uploads\/2025\/09\/Imagem-do-WhatsApp-de-2025-09-04-as-20.48.09_03bb01b3-1024x812.jpg 1024w, https:\/\/eic.cefet-rj.br\/meninasnarobotica\/wp-content\/uploads\/2025\/09\/Imagem-do-WhatsApp-de-2025-09-04-as-20.48.09_03bb01b3-300x238.jpg 300w, https:\/\/eic.cefet-rj.br\/meninasnarobotica\/wp-content\/uploads\/2025\/09\/Imagem-do-WhatsApp-de-2025-09-04-as-20.48.09_03bb01b3-768x609.jpg 768w, https:\/\/eic.cefet-rj.br\/meninasnarobotica\/wp-content\/uploads\/2025\/09\/Imagem-do-WhatsApp-de-2025-09-04-as-20.48.09_03bb01b3.jpg 1284w\" sizes=\"auto, (max-width: 1024px) 100vw, 1024px\" \/><\/figure>\n<\/div>\n\n\n<p><strong>Endere\u00e7o:<\/strong> R. Mariz e Barros, 273 A. Tijuca &#8211; Rio de Janeiro &#8211; RJ.<\/p>\n","protected":false},"excerpt":{"rendered":"<p>Escola Municipal de Jaceruba Endere\u00e7o: Estrada de Japeri, s\/no &#8211; Jaceruba &#8211; Nova Igua\u00e7u &#8211; RJ. Escola Municipal J\u00falio Rabello Guimar\u00e3es Endere\u00e7o: Rua Dom Henrique, 230 &#8211; Bairro da Luz &#8211; Nova Igua\u00e7u &#8211; RJ Col\u00e9gio Estadual Frei Henrique de Coimbra Endere\u00e7o: Av. Dem\u00e9trio Ribeiro, s\/no &#8211; Figueira &#8211; Duque de Caxias &#8211; RJ. Col\u00e9gio [&hellip;]<\/p>\n","protected":false},"author":1,"featured_media":0,"parent":0,"menu_order":0,"comment_status":"closed","ping_status":"closed","template":"","meta":{"footnotes":""},"class_list":["post-21","page","type-page","status-publish","hentry"],"_links":{"self":[{"href":"https:\/\/eic.cefet-rj.br\/meninasnarobotica\/index.php\/wp-json\/wp\/v2\/pages\/21","targetHints":{"allow":["GET"]}}],"collection":[{"href":"https:\/\/eic.cefet-rj.br\/meninasnarobotica\/index.php\/wp-json\/wp\/v2\/pages"}],"about":[{"href":"https:\/\/eic.cefet-rj.br\/meninasnarobotica\/index.php\/wp-json\/wp\/v2\/types\/page"}],"author":[{"embeddable":true,"href":"https:\/\/eic.cefet-rj.br\/meninasnarobotica\/index.php\/wp-json\/wp\/v2\/users\/1"}],"replies":[{"embeddable":true,"href":"https:\/\/eic.cefet-rj.br\/meninasnarobotica\/index.php\/wp-json\/wp\/v2\/comments?post=21"}],"version-history":[{"count":27,"href":"https:\/\/eic.cefet-rj.br\/meninasnarobotica\/index.php\/wp-json\/wp\/v2\/pages\/21\/revisions"}],"predecessor-version":[{"id":3221,"href":"https:\/\/eic.cefet-rj.br\/meninasnarobotica\/index.php\/wp-json\/wp\/v2\/pages\/21\/revisions\/3221"}],"wp:attachment":[{"href":"https:\/\/eic.cefet-rj.br\/meninasnarobotica\/index.php\/wp-json\/wp\/v2\/media?parent=21"}],"curies":[{"name":"wp","href":"https:\/\/api.w.org\/{rel}","templated":true}]}}