{"id":1197,"date":"2022-08-17T15:55:47","date_gmt":"2022-08-17T18:55:47","guid":{"rendered":"https:\/\/eic.cefet-rj.br\/meninasnarobotica\/?page_id=1197"},"modified":"2025-03-27T11:46:37","modified_gmt":"2025-03-27T14:46:37","slug":"material-didatico","status":"publish","type":"page","link":"https:\/\/eic.cefet-rj.br\/meninasnarobotica\/index.php\/material-didatico\/","title":{"rendered":"Material Did\u00e1tico"},"content":{"rendered":"\n<h4 class=\"wp-block-heading\"><strong>Materiais did\u00e1ticos dos mini projetos de rob\u00f3tica desenvolvidos nas escolas:<\/strong><\/h4>\n\n\n\n<p><\/p>\n\n\n\n<ul class=\"wp-block-list\"><li><strong><a href=\"https:\/\/eic.cefet-rj.br\/meninasnarobotica\/index.php\/apostilas\/\">Apostilas<\/a><\/strong><\/li><li><strong><a href=\"https:\/\/eic.cefet-rj.br\/meninasnarobotica\/index.php\/slides-2\/\">Slides<\/a><\/strong><\/li><li><strong><a href=\"https:\/\/eic.cefet-rj.br\/meninasnarobotica\/index.php\/videoaulas\/\">Videoaulas<\/a><\/strong><\/li><\/ul>\n\n\n\n<h2 class=\"wp-block-heading\" id=\"block-71fa3269-30e4-48f7-a66a-e39bb576c620\"><\/h2>\n\n\n\n<p>** O material est\u00e1 dispon\u00edvel para as escolas participantes.<br><\/p>\n\n\n\n<p><em>Tem interesse em conhecer nossa metodologia? Sua escola tem interesse em participar?<br><a rel=\"noreferrer noopener\" href=\"https:\/\/eic.cefet-rj.br\/meninasnarobotica\/index.php\/contato\/\" target=\"_blank\">Entre em contato conosco<\/a>.<\/em><\/p>\n","protected":false},"excerpt":{"rendered":"<p>Materiais did\u00e1ticos dos mini projetos de rob\u00f3tica desenvolvidos nas escolas: Apostilas Slides Videoaulas ** O material est\u00e1 dispon\u00edvel para as escolas participantes. Tem interesse em conhecer nossa metodologia? Sua escola tem interesse em participar?Entre em contato conosco.<\/p>\n","protected":false},"author":1,"featured_media":1180,"parent":0,"menu_order":0,"comment_status":"closed","ping_status":"closed","template":"","meta":{"footnotes":""},"class_list":["post-1197","page","type-page","status-publish","has-post-thumbnail","hentry"],"_links":{"self":[{"href":"https:\/\/eic.cefet-rj.br\/meninasnarobotica\/index.php\/wp-json\/wp\/v2\/pages\/1197","targetHints":{"allow":["GET"]}}],"collection":[{"href":"https:\/\/eic.cefet-rj.br\/meninasnarobotica\/index.php\/wp-json\/wp\/v2\/pages"}],"about":[{"href":"https:\/\/eic.cefet-rj.br\/meninasnarobotica\/index.php\/wp-json\/wp\/v2\/types\/page"}],"author":[{"embeddable":true,"href":"https:\/\/eic.cefet-rj.br\/meninasnarobotica\/index.php\/wp-json\/wp\/v2\/users\/1"}],"replies":[{"embeddable":true,"href":"https:\/\/eic.cefet-rj.br\/meninasnarobotica\/index.php\/wp-json\/wp\/v2\/comments?post=1197"}],"version-history":[{"count":10,"href":"https:\/\/eic.cefet-rj.br\/meninasnarobotica\/index.php\/wp-json\/wp\/v2\/pages\/1197\/revisions"}],"predecessor-version":[{"id":2347,"href":"https:\/\/eic.cefet-rj.br\/meninasnarobotica\/index.php\/wp-json\/wp\/v2\/pages\/1197\/revisions\/2347"}],"wp:featuredmedia":[{"embeddable":true,"href":"https:\/\/eic.cefet-rj.br\/meninasnarobotica\/index.php\/wp-json\/wp\/v2\/media\/1180"}],"wp:attachment":[{"href":"https:\/\/eic.cefet-rj.br\/meninasnarobotica\/index.php\/wp-json\/wp\/v2\/media?parent=1197"}],"curies":[{"name":"wp","href":"https:\/\/api.w.org\/{rel}","templated":true}]}}