{"id":1014,"date":"2022-04-28T19:54:38","date_gmt":"2022-04-28T22:54:38","guid":{"rendered":"https:\/\/eic.cefet-rj.br\/meninasnarobotica\/?page_id=1014"},"modified":"2022-08-04T20:41:54","modified_gmt":"2022-08-04T23:41:54","slug":"colegio-estadual-presidente-kennedy","status":"publish","type":"page","link":"https:\/\/eic.cefet-rj.br\/meninasnarobotica\/index.php\/colegio-estadual-presidente-kennedy\/","title":{"rendered":"Col\u00e9gio Estadual Presidente Kennedy"},"content":{"rendered":"\n<p><strong>Primeira atividade com os alunos:<\/strong><\/p>\n\n\n\n<figure class=\"wp-block-gallery columns-3 is-cropped wp-block-gallery-1 is-layout-flex wp-block-gallery-is-layout-flex\"><ul class=\"blocks-gallery-grid\"><li class=\"blocks-gallery-item\"><figure><img loading=\"lazy\" decoding=\"async\" width=\"1024\" height=\"1024\" src=\"https:\/\/eic.cefet-rj.br\/meninasnarobotica\/wp-content\/uploads\/2022\/08\/WhatsApp-Image-2022-06-29-at-19.21.18-1-1024x1024.jpeg\" alt=\"\" data-id=\"1109\" data-full-url=\"https:\/\/eic.cefet-rj.br\/meninasnarobotica\/wp-content\/uploads\/2022\/08\/WhatsApp-Image-2022-06-29-at-19.21.18-1.jpeg\" data-link=\"https:\/\/eic.cefet-rj.br\/meninasnarobotica\/index.php\/colegio-estadual-presidente-kennedy\/whatsapp-image-2022-06-29-at-19-21-18-1\/\" class=\"wp-image-1109\" srcset=\"https:\/\/eic.cefet-rj.br\/meninasnarobotica\/wp-content\/uploads\/2022\/08\/WhatsApp-Image-2022-06-29-at-19.21.18-1-1024x1024.jpeg 1024w, https:\/\/eic.cefet-rj.br\/meninasnarobotica\/wp-content\/uploads\/2022\/08\/WhatsApp-Image-2022-06-29-at-19.21.18-1-300x300.jpeg 300w, https:\/\/eic.cefet-rj.br\/meninasnarobotica\/wp-content\/uploads\/2022\/08\/WhatsApp-Image-2022-06-29-at-19.21.18-1-150x150.jpeg 150w, https:\/\/eic.cefet-rj.br\/meninasnarobotica\/wp-content\/uploads\/2022\/08\/WhatsApp-Image-2022-06-29-at-19.21.18-1-768x768.jpeg 768w, https:\/\/eic.cefet-rj.br\/meninasnarobotica\/wp-content\/uploads\/2022\/08\/WhatsApp-Image-2022-06-29-at-19.21.18-1.jpeg 1496w\" sizes=\"auto, (max-width: 1024px) 100vw, 1024px\" \/><\/figure><\/li><li class=\"blocks-gallery-item\"><figure><img loading=\"lazy\" decoding=\"async\" width=\"1024\" height=\"1024\" src=\"https:\/\/eic.cefet-rj.br\/meninasnarobotica\/wp-content\/uploads\/2022\/08\/WhatsApp-Image-2022-06-29-at-19.21.18-1024x1024.jpeg\" alt=\"\" data-id=\"1110\" data-full-url=\"https:\/\/eic.cefet-rj.br\/meninasnarobotica\/wp-content\/uploads\/2022\/08\/WhatsApp-Image-2022-06-29-at-19.21.18.jpeg\" data-link=\"https:\/\/eic.cefet-rj.br\/meninasnarobotica\/index.php\/colegio-estadual-presidente-kennedy\/whatsapp-image-2022-06-29-at-19-21-18\/\" class=\"wp-image-1110\" srcset=\"https:\/\/eic.cefet-rj.br\/meninasnarobotica\/wp-content\/uploads\/2022\/08\/WhatsApp-Image-2022-06-29-at-19.21.18-1024x1024.jpeg 1024w, https:\/\/eic.cefet-rj.br\/meninasnarobotica\/wp-content\/uploads\/2022\/08\/WhatsApp-Image-2022-06-29-at-19.21.18-300x300.jpeg 300w, https:\/\/eic.cefet-rj.br\/meninasnarobotica\/wp-content\/uploads\/2022\/08\/WhatsApp-Image-2022-06-29-at-19.21.18-150x150.jpeg 150w, https:\/\/eic.cefet-rj.br\/meninasnarobotica\/wp-content\/uploads\/2022\/08\/WhatsApp-Image-2022-06-29-at-19.21.18-768x768.jpeg 768w, https:\/\/eic.cefet-rj.br\/meninasnarobotica\/wp-content\/uploads\/2022\/08\/WhatsApp-Image-2022-06-29-at-19.21.18.jpeg 1496w\" sizes=\"auto, (max-width: 1024px) 100vw, 1024px\" \/><\/figure><\/li><li class=\"blocks-gallery-item\"><figure><img loading=\"lazy\" decoding=\"async\" width=\"1024\" height=\"1024\" src=\"https:\/\/eic.cefet-rj.br\/meninasnarobotica\/wp-content\/uploads\/2022\/08\/WhatsApp-Image-2022-06-29-at-19.21.19-1024x1024.jpeg\" alt=\"\" data-id=\"1111\" data-full-url=\"https:\/\/eic.cefet-rj.br\/meninasnarobotica\/wp-content\/uploads\/2022\/08\/WhatsApp-Image-2022-06-29-at-19.21.19.jpeg\" data-link=\"https:\/\/eic.cefet-rj.br\/meninasnarobotica\/index.php\/colegio-estadual-presidente-kennedy\/whatsapp-image-2022-06-29-at-19-21-19\/\" class=\"wp-image-1111\" srcset=\"https:\/\/eic.cefet-rj.br\/meninasnarobotica\/wp-content\/uploads\/2022\/08\/WhatsApp-Image-2022-06-29-at-19.21.19-1024x1024.jpeg 1024w, https:\/\/eic.cefet-rj.br\/meninasnarobotica\/wp-content\/uploads\/2022\/08\/WhatsApp-Image-2022-06-29-at-19.21.19-300x300.jpeg 300w, https:\/\/eic.cefet-rj.br\/meninasnarobotica\/wp-content\/uploads\/2022\/08\/WhatsApp-Image-2022-06-29-at-19.21.19-150x150.jpeg 150w, https:\/\/eic.cefet-rj.br\/meninasnarobotica\/wp-content\/uploads\/2022\/08\/WhatsApp-Image-2022-06-29-at-19.21.19-768x768.jpeg 768w, https:\/\/eic.cefet-rj.br\/meninasnarobotica\/wp-content\/uploads\/2022\/08\/WhatsApp-Image-2022-06-29-at-19.21.19.jpeg 1496w\" sizes=\"auto, (max-width: 1024px) 100vw, 1024px\" \/><\/figure><\/li><\/ul><\/figure>\n\n\n\n<p><strong>Primeiras oficinas antes da capacita\u00e7\u00e3o:<\/strong><\/p>\n\n\n\n<figure class=\"wp-block-gallery columns-3 is-cropped wp-block-gallery-2 is-layout-flex wp-block-gallery-is-layout-flex\"><ul class=\"blocks-gallery-grid\"><li class=\"blocks-gallery-item\"><figure><img loading=\"lazy\" decoding=\"async\" width=\"1024\" height=\"576\" src=\"https:\/\/eic.cefet-rj.br\/meninasnarobotica\/wp-content\/uploads\/2022\/08\/WhatsApp-Image-2022-07-27-at-19.03.06-1024x576.jpeg\" alt=\"\" data-id=\"1113\" data-full-url=\"https:\/\/eic.cefet-rj.br\/meninasnarobotica\/wp-content\/uploads\/2022\/08\/WhatsApp-Image-2022-07-27-at-19.03.06.jpeg\" data-link=\"https:\/\/eic.cefet-rj.br\/meninasnarobotica\/index.php\/colegio-estadual-presidente-kennedy\/whatsapp-image-2022-07-27-at-19-03-06\/\" class=\"wp-image-1113\" srcset=\"https:\/\/eic.cefet-rj.br\/meninasnarobotica\/wp-content\/uploads\/2022\/08\/WhatsApp-Image-2022-07-27-at-19.03.06-1024x576.jpeg 1024w, https:\/\/eic.cefet-rj.br\/meninasnarobotica\/wp-content\/uploads\/2022\/08\/WhatsApp-Image-2022-07-27-at-19.03.06-300x169.jpeg 300w, https:\/\/eic.cefet-rj.br\/meninasnarobotica\/wp-content\/uploads\/2022\/08\/WhatsApp-Image-2022-07-27-at-19.03.06-768x432.jpeg 768w, https:\/\/eic.cefet-rj.br\/meninasnarobotica\/wp-content\/uploads\/2022\/08\/WhatsApp-Image-2022-07-27-at-19.03.06-1536x864.jpeg 1536w, https:\/\/eic.cefet-rj.br\/meninasnarobotica\/wp-content\/uploads\/2022\/08\/WhatsApp-Image-2022-07-27-at-19.03.06.jpeg 1599w\" sizes=\"auto, (max-width: 1024px) 100vw, 1024px\" \/><\/figure><\/li><li class=\"blocks-gallery-item\"><figure><img loading=\"lazy\" decoding=\"async\" width=\"1024\" height=\"576\" src=\"https:\/\/eic.cefet-rj.br\/meninasnarobotica\/wp-content\/uploads\/2022\/08\/WhatsApp-Image-2022-07-27-at-19.03.08-1024x576.jpeg\" alt=\"\" data-id=\"1114\" data-full-url=\"https:\/\/eic.cefet-rj.br\/meninasnarobotica\/wp-content\/uploads\/2022\/08\/WhatsApp-Image-2022-07-27-at-19.03.08.jpeg\" data-link=\"https:\/\/eic.cefet-rj.br\/meninasnarobotica\/index.php\/colegio-estadual-presidente-kennedy\/whatsapp-image-2022-07-27-at-19-03-08\/\" class=\"wp-image-1114\" srcset=\"https:\/\/eic.cefet-rj.br\/meninasnarobotica\/wp-content\/uploads\/2022\/08\/WhatsApp-Image-2022-07-27-at-19.03.08-1024x576.jpeg 1024w, https:\/\/eic.cefet-rj.br\/meninasnarobotica\/wp-content\/uploads\/2022\/08\/WhatsApp-Image-2022-07-27-at-19.03.08-300x169.jpeg 300w, https:\/\/eic.cefet-rj.br\/meninasnarobotica\/wp-content\/uploads\/2022\/08\/WhatsApp-Image-2022-07-27-at-19.03.08-768x432.jpeg 768w, https:\/\/eic.cefet-rj.br\/meninasnarobotica\/wp-content\/uploads\/2022\/08\/WhatsApp-Image-2022-07-27-at-19.03.08-1536x864.jpeg 1536w, https:\/\/eic.cefet-rj.br\/meninasnarobotica\/wp-content\/uploads\/2022\/08\/WhatsApp-Image-2022-07-27-at-19.03.08.jpeg 1599w\" sizes=\"auto, (max-width: 1024px) 100vw, 1024px\" \/><\/figure><\/li><li class=\"blocks-gallery-item\"><figure><img loading=\"lazy\" decoding=\"async\" width=\"1024\" height=\"576\" src=\"https:\/\/eic.cefet-rj.br\/meninasnarobotica\/wp-content\/uploads\/2022\/08\/WhatsApp-Image-2022-07-27-at-19.03.13-1024x576.jpeg\" alt=\"\" data-id=\"1116\" data-full-url=\"https:\/\/eic.cefet-rj.br\/meninasnarobotica\/wp-content\/uploads\/2022\/08\/WhatsApp-Image-2022-07-27-at-19.03.13.jpeg\" data-link=\"https:\/\/eic.cefet-rj.br\/meninasnarobotica\/index.php\/colegio-estadual-presidente-kennedy\/whatsapp-image-2022-07-27-at-19-03-13\/\" class=\"wp-image-1116\" srcset=\"https:\/\/eic.cefet-rj.br\/meninasnarobotica\/wp-content\/uploads\/2022\/08\/WhatsApp-Image-2022-07-27-at-19.03.13-1024x576.jpeg 1024w, https:\/\/eic.cefet-rj.br\/meninasnarobotica\/wp-content\/uploads\/2022\/08\/WhatsApp-Image-2022-07-27-at-19.03.13-300x169.jpeg 300w, https:\/\/eic.cefet-rj.br\/meninasnarobotica\/wp-content\/uploads\/2022\/08\/WhatsApp-Image-2022-07-27-at-19.03.13-768x432.jpeg 768w, https:\/\/eic.cefet-rj.br\/meninasnarobotica\/wp-content\/uploads\/2022\/08\/WhatsApp-Image-2022-07-27-at-19.03.13-1536x864.jpeg 1536w, https:\/\/eic.cefet-rj.br\/meninasnarobotica\/wp-content\/uploads\/2022\/08\/WhatsApp-Image-2022-07-27-at-19.03.13.jpeg 1599w\" sizes=\"auto, (max-width: 1024px) 100vw, 1024px\" \/><\/figure><\/li><li class=\"blocks-gallery-item\"><figure><img loading=\"lazy\" decoding=\"async\" width=\"1024\" height=\"576\" src=\"https:\/\/eic.cefet-rj.br\/meninasnarobotica\/wp-content\/uploads\/2022\/08\/WhatsApp-Image-2022-07-29-at-08.00.12-1-1024x576.jpeg\" alt=\"\" data-id=\"1117\" data-full-url=\"https:\/\/eic.cefet-rj.br\/meninasnarobotica\/wp-content\/uploads\/2022\/08\/WhatsApp-Image-2022-07-29-at-08.00.12-1.jpeg\" data-link=\"https:\/\/eic.cefet-rj.br\/meninasnarobotica\/index.php\/colegio-estadual-presidente-kennedy\/whatsapp-image-2022-07-29-at-08-00-12-1\/\" class=\"wp-image-1117\" srcset=\"https:\/\/eic.cefet-rj.br\/meninasnarobotica\/wp-content\/uploads\/2022\/08\/WhatsApp-Image-2022-07-29-at-08.00.12-1-1024x576.jpeg 1024w, https:\/\/eic.cefet-rj.br\/meninasnarobotica\/wp-content\/uploads\/2022\/08\/WhatsApp-Image-2022-07-29-at-08.00.12-1-300x169.jpeg 300w, https:\/\/eic.cefet-rj.br\/meninasnarobotica\/wp-content\/uploads\/2022\/08\/WhatsApp-Image-2022-07-29-at-08.00.12-1-768x432.jpeg 768w, https:\/\/eic.cefet-rj.br\/meninasnarobotica\/wp-content\/uploads\/2022\/08\/WhatsApp-Image-2022-07-29-at-08.00.12-1-1536x864.jpeg 1536w, https:\/\/eic.cefet-rj.br\/meninasnarobotica\/wp-content\/uploads\/2022\/08\/WhatsApp-Image-2022-07-29-at-08.00.12-1.jpeg 1599w\" sizes=\"auto, (max-width: 1024px) 100vw, 1024px\" \/><\/figure><\/li><li class=\"blocks-gallery-item\"><figure><img loading=\"lazy\" decoding=\"async\" width=\"768\" height=\"1024\" src=\"https:\/\/eic.cefet-rj.br\/meninasnarobotica\/wp-content\/uploads\/2022\/08\/WhatsApp-Image-2022-07-29-at-08.00.15-768x1024.jpeg\" alt=\"\" data-id=\"1121\" data-full-url=\"https:\/\/eic.cefet-rj.br\/meninasnarobotica\/wp-content\/uploads\/2022\/08\/WhatsApp-Image-2022-07-29-at-08.00.15.jpeg\" data-link=\"https:\/\/eic.cefet-rj.br\/meninasnarobotica\/index.php\/colegio-estadual-presidente-kennedy\/whatsapp-image-2022-07-29-at-08-00-15\/\" class=\"wp-image-1121\" srcset=\"https:\/\/eic.cefet-rj.br\/meninasnarobotica\/wp-content\/uploads\/2022\/08\/WhatsApp-Image-2022-07-29-at-08.00.15-768x1024.jpeg 768w, https:\/\/eic.cefet-rj.br\/meninasnarobotica\/wp-content\/uploads\/2022\/08\/WhatsApp-Image-2022-07-29-at-08.00.15-225x300.jpeg 225w, https:\/\/eic.cefet-rj.br\/meninasnarobotica\/wp-content\/uploads\/2022\/08\/WhatsApp-Image-2022-07-29-at-08.00.15.jpeg 774w\" sizes=\"auto, (max-width: 768px) 100vw, 768px\" \/><\/figure><\/li><li class=\"blocks-gallery-item\"><figure><img loading=\"lazy\" decoding=\"async\" width=\"768\" height=\"1024\" src=\"https:\/\/eic.cefet-rj.br\/meninasnarobotica\/wp-content\/uploads\/2022\/08\/WhatsApp-Image-2022-07-29-at-08.00.16-768x1024.jpeg\" alt=\"\" data-id=\"1122\" data-full-url=\"https:\/\/eic.cefet-rj.br\/meninasnarobotica\/wp-content\/uploads\/2022\/08\/WhatsApp-Image-2022-07-29-at-08.00.16.jpeg\" data-link=\"https:\/\/eic.cefet-rj.br\/meninasnarobotica\/index.php\/colegio-estadual-presidente-kennedy\/whatsapp-image-2022-07-29-at-08-00-16\/\" class=\"wp-image-1122\" srcset=\"https:\/\/eic.cefet-rj.br\/meninasnarobotica\/wp-content\/uploads\/2022\/08\/WhatsApp-Image-2022-07-29-at-08.00.16-768x1024.jpeg 768w, https:\/\/eic.cefet-rj.br\/meninasnarobotica\/wp-content\/uploads\/2022\/08\/WhatsApp-Image-2022-07-29-at-08.00.16-225x300.jpeg 225w, https:\/\/eic.cefet-rj.br\/meninasnarobotica\/wp-content\/uploads\/2022\/08\/WhatsApp-Image-2022-07-29-at-08.00.16.jpeg 774w\" sizes=\"auto, (max-width: 768px) 100vw, 768px\" \/><\/figure><\/li><\/ul><\/figure>\n\n\n\n<p><strong>Reprodu\u00e7\u00e3o dos miniprojetos pelas bolsistas<\/strong>:<\/p>\n\n\n\n<figure class=\"wp-block-gallery columns-3 is-cropped wp-block-gallery-3 is-layout-flex wp-block-gallery-is-layout-flex\"><ul class=\"blocks-gallery-grid\"><li class=\"blocks-gallery-item\"><figure><img loading=\"lazy\" decoding=\"async\" width=\"576\" height=\"1024\" src=\"https:\/\/eic.cefet-rj.br\/meninasnarobotica\/wp-content\/uploads\/2022\/08\/WhatsApp-Image-2022-06-02-at-19.54.38-576x1024.jpeg\" alt=\"\" data-id=\"1123\" data-full-url=\"https:\/\/eic.cefet-rj.br\/meninasnarobotica\/wp-content\/uploads\/2022\/08\/WhatsApp-Image-2022-06-02-at-19.54.38.jpeg\" data-link=\"https:\/\/eic.cefet-rj.br\/meninasnarobotica\/index.php\/colegio-estadual-presidente-kennedy\/whatsapp-image-2022-06-02-at-19-54-38\/\" class=\"wp-image-1123\" srcset=\"https:\/\/eic.cefet-rj.br\/meninasnarobotica\/wp-content\/uploads\/2022\/08\/WhatsApp-Image-2022-06-02-at-19.54.38-576x1024.jpeg 576w, https:\/\/eic.cefet-rj.br\/meninasnarobotica\/wp-content\/uploads\/2022\/08\/WhatsApp-Image-2022-06-02-at-19.54.38-169x300.jpeg 169w, https:\/\/eic.cefet-rj.br\/meninasnarobotica\/wp-content\/uploads\/2022\/08\/WhatsApp-Image-2022-06-02-at-19.54.38-768x1366.jpeg 768w, https:\/\/eic.cefet-rj.br\/meninasnarobotica\/wp-content\/uploads\/2022\/08\/WhatsApp-Image-2022-06-02-at-19.54.38-864x1536.jpeg 864w, https:\/\/eic.cefet-rj.br\/meninasnarobotica\/wp-content\/uploads\/2022\/08\/WhatsApp-Image-2022-06-02-at-19.54.38.jpeg 899w\" sizes=\"auto, (max-width: 576px) 100vw, 576px\" \/><\/figure><\/li><li class=\"blocks-gallery-item\"><figure><img loading=\"lazy\" decoding=\"async\" width=\"768\" height=\"1024\" src=\"https:\/\/eic.cefet-rj.br\/meninasnarobotica\/wp-content\/uploads\/2022\/08\/WhatsApp-Image-2022-06-02-at-19.56.58-768x1024.jpeg\" alt=\"\" data-id=\"1124\" data-full-url=\"https:\/\/eic.cefet-rj.br\/meninasnarobotica\/wp-content\/uploads\/2022\/08\/WhatsApp-Image-2022-06-02-at-19.56.58.jpeg\" data-link=\"https:\/\/eic.cefet-rj.br\/meninasnarobotica\/index.php\/colegio-estadual-presidente-kennedy\/whatsapp-image-2022-06-02-at-19-56-58\/\" class=\"wp-image-1124\" srcset=\"https:\/\/eic.cefet-rj.br\/meninasnarobotica\/wp-content\/uploads\/2022\/08\/WhatsApp-Image-2022-06-02-at-19.56.58-768x1024.jpeg 768w, https:\/\/eic.cefet-rj.br\/meninasnarobotica\/wp-content\/uploads\/2022\/08\/WhatsApp-Image-2022-06-02-at-19.56.58-225x300.jpeg 225w, https:\/\/eic.cefet-rj.br\/meninasnarobotica\/wp-content\/uploads\/2022\/08\/WhatsApp-Image-2022-06-02-at-19.56.58-1152x1536.jpeg 1152w, https:\/\/eic.cefet-rj.br\/meninasnarobotica\/wp-content\/uploads\/2022\/08\/WhatsApp-Image-2022-06-02-at-19.56.58.jpeg 1200w\" sizes=\"auto, (max-width: 768px) 100vw, 768px\" \/><\/figure><\/li><li class=\"blocks-gallery-item\"><figure><img loading=\"lazy\" decoding=\"async\" width=\"1024\" height=\"1024\" src=\"https:\/\/eic.cefet-rj.br\/meninasnarobotica\/wp-content\/uploads\/2022\/08\/WhatsApp-Image-2022-06-09-at-18.50.58-1024x1024.jpeg\" alt=\"\" data-id=\"1125\" data-full-url=\"https:\/\/eic.cefet-rj.br\/meninasnarobotica\/wp-content\/uploads\/2022\/08\/WhatsApp-Image-2022-06-09-at-18.50.58.jpeg\" data-link=\"https:\/\/eic.cefet-rj.br\/meninasnarobotica\/index.php\/colegio-estadual-presidente-kennedy\/whatsapp-image-2022-06-09-at-18-50-58\/\" class=\"wp-image-1125\" srcset=\"https:\/\/eic.cefet-rj.br\/meninasnarobotica\/wp-content\/uploads\/2022\/08\/WhatsApp-Image-2022-06-09-at-18.50.58-1024x1024.jpeg 1024w, https:\/\/eic.cefet-rj.br\/meninasnarobotica\/wp-content\/uploads\/2022\/08\/WhatsApp-Image-2022-06-09-at-18.50.58-300x300.jpeg 300w, https:\/\/eic.cefet-rj.br\/meninasnarobotica\/wp-content\/uploads\/2022\/08\/WhatsApp-Image-2022-06-09-at-18.50.58-150x150.jpeg 150w, https:\/\/eic.cefet-rj.br\/meninasnarobotica\/wp-content\/uploads\/2022\/08\/WhatsApp-Image-2022-06-09-at-18.50.58-768x768.jpeg 768w, https:\/\/eic.cefet-rj.br\/meninasnarobotica\/wp-content\/uploads\/2022\/08\/WhatsApp-Image-2022-06-09-at-18.50.58.jpeg 1496w\" sizes=\"auto, (max-width: 1024px) 100vw, 1024px\" \/><\/figure><\/li><li class=\"blocks-gallery-item\"><figure><img loading=\"lazy\" decoding=\"async\" width=\"576\" height=\"1024\" src=\"https:\/\/eic.cefet-rj.br\/meninasnarobotica\/wp-content\/uploads\/2022\/08\/WhatsApp-Image-2022-06-09-at-18.50.59-576x1024.jpeg\" alt=\"\" data-id=\"1126\" data-full-url=\"https:\/\/eic.cefet-rj.br\/meninasnarobotica\/wp-content\/uploads\/2022\/08\/WhatsApp-Image-2022-06-09-at-18.50.59.jpeg\" data-link=\"https:\/\/eic.cefet-rj.br\/meninasnarobotica\/index.php\/colegio-estadual-presidente-kennedy\/whatsapp-image-2022-06-09-at-18-50-59\/\" class=\"wp-image-1126\" srcset=\"https:\/\/eic.cefet-rj.br\/meninasnarobotica\/wp-content\/uploads\/2022\/08\/WhatsApp-Image-2022-06-09-at-18.50.59-576x1024.jpeg 576w, https:\/\/eic.cefet-rj.br\/meninasnarobotica\/wp-content\/uploads\/2022\/08\/WhatsApp-Image-2022-06-09-at-18.50.59-169x300.jpeg 169w, https:\/\/eic.cefet-rj.br\/meninasnarobotica\/wp-content\/uploads\/2022\/08\/WhatsApp-Image-2022-06-09-at-18.50.59-768x1366.jpeg 768w, https:\/\/eic.cefet-rj.br\/meninasnarobotica\/wp-content\/uploads\/2022\/08\/WhatsApp-Image-2022-06-09-at-18.50.59-864x1536.jpeg 864w, https:\/\/eic.cefet-rj.br\/meninasnarobotica\/wp-content\/uploads\/2022\/08\/WhatsApp-Image-2022-06-09-at-18.50.59.jpeg 899w\" sizes=\"auto, (max-width: 576px) 100vw, 576px\" \/><\/figure><\/li><\/ul><\/figure>\n","protected":false},"excerpt":{"rendered":"<p>Primeira atividade com os alunos: Primeiras oficinas antes da capacita\u00e7\u00e3o: Reprodu\u00e7\u00e3o dos miniprojetos pelas bolsistas:<\/p>\n","protected":false},"author":1,"featured_media":1113,"parent":0,"menu_order":0,"comment_status":"closed","ping_status":"closed","template":"","meta":{"footnotes":""},"class_list":["post-1014","page","type-page","status-publish","has-post-thumbnail","hentry"],"_links":{"self":[{"href":"https:\/\/eic.cefet-rj.br\/meninasnarobotica\/index.php\/wp-json\/wp\/v2\/pages\/1014","targetHints":{"allow":["GET"]}}],"collection":[{"href":"https:\/\/eic.cefet-rj.br\/meninasnarobotica\/index.php\/wp-json\/wp\/v2\/pages"}],"about":[{"href":"https:\/\/eic.cefet-rj.br\/meninasnarobotica\/index.php\/wp-json\/wp\/v2\/types\/page"}],"author":[{"embeddable":true,"href":"https:\/\/eic.cefet-rj.br\/meninasnarobotica\/index.php\/wp-json\/wp\/v2\/users\/1"}],"replies":[{"embeddable":true,"href":"https:\/\/eic.cefet-rj.br\/meninasnarobotica\/index.php\/wp-json\/wp\/v2\/comments?post=1014"}],"version-history":[{"count":2,"href":"https:\/\/eic.cefet-rj.br\/meninasnarobotica\/index.php\/wp-json\/wp\/v2\/pages\/1014\/revisions"}],"predecessor-version":[{"id":1127,"href":"https:\/\/eic.cefet-rj.br\/meninasnarobotica\/index.php\/wp-json\/wp\/v2\/pages\/1014\/revisions\/1127"}],"wp:featuredmedia":[{"embeddable":true,"href":"https:\/\/eic.cefet-rj.br\/meninasnarobotica\/index.php\/wp-json\/wp\/v2\/media\/1113"}],"wp:attachment":[{"href":"https:\/\/eic.cefet-rj.br\/meninasnarobotica\/index.php\/wp-json\/wp\/v2\/media?parent=1014"}],"curies":[{"name":"wp","href":"https:\/\/api.w.org\/{rel}","templated":true}]}}