{"id":145,"date":"2021-09-26T15:35:15","date_gmt":"2021-09-26T15:35:15","guid":{"rendered":"https:\/\/eic.cefet-rj.br\/kdmile2021\/?page_id=145"},"modified":"2021-10-08T11:26:17","modified_gmt":"2021-10-08T11:26:17","slug":"program","status":"publish","type":"page","link":"https:\/\/eic.cefet-rj.br\/kdmile2021\/program\/","title":{"rendered":"Program"},"content":{"rendered":"\n<p><em><strong>See the joint SBBD\/KDMiLe program in a single PDF file <a href=\"https:\/\/sbbd.org.br\/2021\/wp-content\/uploads\/sites\/14\/2021\/10\/Programacao_SBBD_2021.pdf\" target=\"_blank\" rel=\"noreferrer noopener\">here<\/a><\/strong><\/em>.<\/p>\n\n\n\n<h2 class=\"wp-block-heading\">Opening session (05\/10, 13h30)<\/h2>\n\n\n\n<p><span style=\"color:#a30012\" class=\"has-inline-color\"><a href=\"https:\/\/puc-rio.zoom.us\/meeting\/register\/tJAvf-GpqDwpE9A6YNQ5F4OivuVYbY1QDnYJ\" target=\"_blank\" rel=\"noreferrer noopener\">Zoom meeting<\/a> (subscription link)<br><a href=\"https:\/\/youtu.be\/12HfyGcDZo0\" target=\"_blank\" rel=\"noreferrer noopener\">Youtube<\/a> (<span style=\"color:#a30012\" class=\"has-inline-color\">open broadcast<\/span>)<\/span>  <br><\/p>\n\n\n\n<h2 class=\"wp-block-heading\">Technical sessions <\/h2>\n\n\n\n<h3 class=\"wp-block-heading\">KS1 &#8211; <em>Text Mining<\/em> (05\/10, 08h30-10h00)<\/h3>\n\n\n\n<p><span style=\"color:#a30012\" class=\"has-inline-color\"><a href=\"https:\/\/puc-rio.zoom.us\/meeting\/register\/tJUtc-iprTgjHdBrszs_s1No6uJsy1TRdJZA\" target=\"_blank\" rel=\"noreferrer noopener\">Zoom meeting<\/a> (<span style=\"color:#a30012\" class=\"has-inline-color\">subscription link<\/span>)<br><a href=\"https:\/\/youtu.be\/d2wbLAiKDqk\" target=\"_blank\" rel=\"noreferrer noopener\">Youtube<\/a> (open broadcast)<\/span><\/p>\n\n\n\n<ol class=\"wp-block-list\"><li><strong><em>Using Named Entities for Recognizing Family Relationships<\/em><\/strong> &#8211; Elias de Oliveira, Juliana Pirovani, Jaimel Lima and Gabriel Dias. (08h:30-08h45)<\/li><li><em><strong>Text Classification in Law Area: a Systematic Review<\/strong><\/em> &#8211; Victor Martins and Cleison Silva. 08h:45-09h00<\/li><li><em><strong>Topic Modeling of Committee Discussions in the Brazilian Chamber of Deputies<\/strong><\/em> &#8211; M. A. dos Santos, N. Andrade and F. Morais. (09h00-09h:15)<\/li><li><em><strong>Enriching datasets for sentiment analysis in tweets with instance selection<\/strong><\/em> &#8211; Eliseu Guimar\u00e3es, Daniela Vianna, Aline Paes and Alexandre Plastino. (09h:15-09h:30)<\/li><li><em><strong>Pro\/Anti-vaxxers in Brazil: a temporal analysis of COVID vaccination stance in Twitter<\/strong><\/em> &#8211; Andre Sousa and Karin Becker. (09h:30-09h:45)<\/li><li><em><strong>How concept drift can impair the classification of fake news<\/strong><\/em> &#8211; Renato M. Silva and Tiago Almeida. (09h:45-10h:00)<\/li><\/ol>\n\n\n\n<h3 class=\"wp-block-heading\">KS2 &#8211; <em>Streams, Time Series and Algorithms<\/em> (06\/10, 10h30-11h30)<\/h3>\n\n\n\n<p><span style=\"color:#a30012\" class=\"has-inline-color\"><a href=\"https:\/\/puc-rio.zoom.us\/meeting\/register\/tJMrdemtrTIsH9X5SEh99QrZJmjOTI4Tvydz\" target=\"_blank\" rel=\"noreferrer noopener\">Zoom meeting<\/a> (<span style=\"color:#a30012\" class=\"has-inline-color\">subscription link<\/span>)<br><a href=\"https:\/\/youtu.be\/Lv5Sc5bsG9c\" target=\"_blank\" rel=\"noreferrer noopener\">Youtube<\/a> (<span style=\"color:#a30012\" class=\"has-inline-color\"><span style=\"color:#a30012\" class=\"has-inline-color\">open broadcast<\/span><\/span>) <\/span><\/p>\n\n\n\n<ol class=\"wp-block-list\"><li><em><strong>A sketch for the KS test for Big Data<\/strong><\/em> &#8211; Thalis D. Galeno, Jo\u00e3o Gama and Douglas O. Cardoso. (10h:30-10h:45)<\/li><li><em><strong>Comparing ARIMA and LSTM models to predict time series in the oil industry using multiple output strategy<\/strong><\/em> &#8211; Jaqueline B. Correia, Marcos Pivetta, Givanildo Santana do Nascimento and Karin Becker.  (10h:45-11h:00)<\/li><li><em><strong>A Machine Learning Approach to Interpolating Indoors Trajectories<\/strong><\/em> &#8211; Daniel Carvalho, Daniel Sullivan, Rafael Almeida and Carlos Caminha.  (11h:00-11h:15)<\/li><li><em><strong>Characterizing and understanding ensemble-based anomaly-detection<\/strong><\/em> &#8211; Gustavo de Paula Avelar, Guilherme Oliveira Campos and Wagner Meira Jr. (11h:15-11h:00)<\/li><\/ol>\n\n\n\n<h3 class=\"wp-block-heading\">KS3 &#8211;  <em>Applications I<\/em> (06\/10, 11h30-12h30)<\/h3>\n\n\n\n<p><span style=\"color:#a30012\" class=\"has-inline-color\"><a href=\"https:\/\/puc-rio.zoom.us\/meeting\/register\/tJEvfu-vqD4qHtSBMbfWIx3HG6DONFoqiS70\" target=\"_blank\" rel=\"noreferrer noopener\">Zoom meeting<\/a> (<span style=\"color:#a30012\" class=\"has-inline-color\">subscription link<\/span>)<br><a href=\"https:\/\/youtu.be\/Lv5Sc5bsG9c\" target=\"_blank\" rel=\"noreferrer noopener\">Youtube<\/a> (<span style=\"color:#a30012\" class=\"has-inline-color\"><span style=\"color:#a30012\" class=\"has-inline-color\">open broadcast<\/span><\/span>) <\/span><\/p>\n\n\n\n<ol class=\"wp-block-list\"><li><em><strong>Study of the evolution of antiemetic treatment through the application of Triadic Formal Concept Analysis<\/strong><\/em> &#8211; Lucas Ferreira, Cristiane Nobre, Luis Zarate and Mark Song. (11h:30-11h:45)<\/li><li><em><strong>Commodities trend link prediction on heterogeneous information networks<\/strong><\/em> &#8211; Paulo Do Carmo, Ivan Jos\u00e9 dos Reis Filho and Ricardo Marcacini. (11h:45-12h:00)<\/li><li><em><strong>Low-Cost Machine Learning for Effective and Efficient Bad Smells Detection<\/strong><\/em> &#8211; Jos\u00e9 Figuer\u00eado, Victor Sarinho and Rodrigo Calumby.(12h:00-12h:15)<\/li><li><em><strong>Combining clustering and regression models for recommending researchers<\/strong><\/em> &#8211; Jaimel Lima and Elias Oliveira. (12h:15-12h:30)<\/li><\/ol>\n\n\n\n<h3 class=\"wp-block-heading\">KS4 &#8211; <em>Applications<\/em> <em>II<\/em> (07\/10, 16h00-17h30)<\/h3>\n\n\n\n<p><span style=\"color:#a30012\" class=\"has-inline-color\"><a href=\"https:\/\/puc-rio.zoom.us\/meeting\/register\/tJwof-uurjMrHtMwEFyjfwXjVibO72-vDS_w\" target=\"_blank\" rel=\"noreferrer noopener\">Zoom meeting<\/a> (<span style=\"color:#a30012\" class=\"has-inline-color\">subscription link<\/span>)<br><a href=\"https:\/\/youtu.be\/Xab-zgDVt6c\" target=\"_blank\" rel=\"noreferrer noopener\">Youtube<\/a> (<span style=\"color:#a30012\" class=\"has-inline-color\"><span style=\"color:#a30012\" class=\"has-inline-color\">open broadcast<\/span><\/span>)<\/span><\/p>\n\n\n\n<ol class=\"wp-block-list\"><li><em><strong>Analysis and Prediction of Childhood Pneumonia Deaths using Machine Learning Algorithms<\/strong><\/em> &#8211; Felipe Soares, Efrem Lousada, Tiago Silveira, Raquel Mini, Luis Z\u00e1rate and Henrique Freitas. (16h:00-16h:15)<\/li><li><em><strong>Evaluation of Machine Learning Models for Estimating Sales in Physical Retail<\/strong><\/em> &#8211; Geovanne O. Alves, Jorge C. B. Fonseca and Alexandre M.A. Maciel. (16h:15-16h:30)<\/li><li><em><strong>Classification of Newborns with Congenital Syndrome Associated with Zika Virus Infection Using Machine Learning<\/strong><\/em> &#8211; \u00c9rika G. de Assis, Luis H. Z\u00e1rate and Cristiane Neri Nobre. (16h:30-16h:45)<\/li><li><em><strong>Credit scoring development in the light of the new Brazilian General Data Protection Law<\/strong><\/em> &#8211; Robinson Oliveira. (16h:45-17h:00)<\/li><li><em><strong>Combining Data Mining Techniques to Analyse Factors Associated with Allocation of Socioeconomic Resources at IFMG <\/strong><\/em>&#8211; Eduardo Melo, Elisa Tuler and Leonardo Rocha. (17h:00-17h:15)<\/li><li><em><strong>Survival Prediction for Oral Cancer Patients: A Machine Learning Approach<\/strong><\/em> &#8211; Murilo Cruz Lopes, Mar\u00edlia de Matos Amorim, Val\u00e9ria Souza Freitas and Rodrigo Tripodi Calumby. (17h:15-17h:30)<\/li><\/ol>\n\n\n\n<h2 class=\"wp-block-heading\">Keynote presentations<\/h2>\n\n\n\n<h3 class=\"wp-block-heading\">KSN1 (05\/10, 10h45 -12h00)<\/h3>\n\n\n\n<p><span style=\"color:#a30012\" class=\"has-inline-color\"><a href=\"https:\/\/puc-rio.zoom.us\/meeting\/register\/tJ0pcuyurzgrH9Q-UyetzM95DSET-XEdqsey\" target=\"_blank\" rel=\"noreferrer noopener\">Zoom meeting<\/a> (<span style=\"color:#a30012\" class=\"has-inline-color\">subscription link<\/span>)<br><a href=\"https:\/\/youtu.be\/d2wbLAiKDqk\" target=\"_blank\" rel=\"noreferrer noopener\">Youtube<\/a> (<span style=\"color:#a30012\" class=\"has-inline-color\"><span style=\"color:#a30012\" class=\"has-inline-color\">open broadcast<\/span><\/span>)<\/span><\/p>\n\n\n\n<p><em><strong><a href=\"http:\/\/eic.cefet-rj.br\/kdmile2021\/keynote-1\/\">Ci\u00eancia de Dados no Enfrentamento de Surtos, Epidemias e Pandemias em Hospitais<\/a><\/strong><\/em> &#8211; Ana Carolina Lorena (Divis\u00e3o de Ci\u00eancia da Computa\u00e7\u00e3o, ITA).<\/p>\n\n\n\n<h3 class=\"wp-block-heading\">KSN2 (07\/10, 10h45 -12h00)<\/h3>\n\n\n\n<p><span style=\"color:#a30012\" class=\"has-inline-color\"><a href=\"https:\/\/puc-rio.zoom.us\/meeting\/register\/tJwocuiqqT0vGdz08iWPzyvwdA8e0ZlH9AZm\" target=\"_blank\" rel=\"noreferrer noopener\">Zoom meeting<\/a> (<span style=\"color:#a30012\" class=\"has-inline-color\">subscription link<\/span>)<br><a href=\"https:\/\/youtu.be\/EDWrEXMcEfo\" target=\"_blank\" rel=\"noreferrer noopener\">Youtube<\/a> (<span style=\"color:#a30012\" class=\"has-inline-color\"><span style=\"color:#a30012\" class=\"has-inline-color\">open broadcast<\/span><\/span>) <\/span><br><br><em><strong><a href=\"http:\/\/eic.cefet-rj.br\/kdmile2021\/keynote-2\/\">Modelagem Baseada em Agentes Orientada a Dados: Unindo Ci\u00eancia de Dados e Modelos Te\u00f3ricos para Compreender a Realidade<\/a><\/strong><\/em> &#8211; Eric Fernandes de Mello Ara\u00fajo (Departamento de Ci\u00eancia da Computa\u00e7\u00e3o, UFLA).<\/p>\n\n\n\n<h2 class=\"wp-block-heading\">Best papers awards session<\/h2>\n\n\n\n<p><a href=\"https:\/\/puc-rio.zoom.us\/meeting\/register\/tJUqfuCsqT0oGdfVXCxQoyZEDw-0yA1bHQBp\" target=\"_blank\" rel=\"noreferrer noopener\">Zoom meeting<\/a>\u00a0(<span style=\"color:#a30012\" class=\"has-inline-color\"><span style=\"color:#a30012\" class=\"has-inline-color\">subscription link<\/span><\/span>)<br><a href=\"https:\/\/youtu.be\/uboIn43VVE0\" target=\"_blank\" rel=\"noreferrer noopener\">Youtube<\/a>\u00a0(<span style=\"color:#a30012\" class=\"has-inline-color\"><span style=\"color:#a30012\" class=\"has-inline-color\"><span style=\"color:#a30012\" class=\"has-inline-color\">open broadcast<\/span><\/span><\/span>) <\/p>\n\n\n\n<h2 class=\"wp-block-heading\">Closing session (08\/10, 18h30)<\/h2>\n\n\n\n<p><a href=\"https:\/\/puc-rio.zoom.us\/meeting\/register\/tJ0scOyhqTIrGdYVIjTBgDtFbuvv85Ydp8O9\" target=\"_blank\" rel=\"noreferrer noopener\">Zoom meeting<\/a>\u00a0(<span style=\"color:#a30012\" class=\"has-inline-color\"><span style=\"color:#a30012\" class=\"has-inline-color\">subscription link<\/span><\/span>)<br><a href=\"https:\/\/youtu.be\/1MPJiizTynY\" target=\"_blank\" rel=\"noreferrer noopener\">Youtube<\/a>\u00a0(<span style=\"color:#a30012\" class=\"has-inline-color\"><span style=\"text-decoration: underline;\"><span style=\"color:#a30012\" class=\"has-inline-color\"><span style=\"color:#a30012\" class=\"has-inline-color\">open broadcast<\/span><\/span><\/span><\/span>)<\/p>\n","protected":false},"excerpt":{"rendered":"<p>See the joint SBBD\/KDMiLe program in a single PDF file here. Opening session (05\/10, 13h30) Zoom meeting (subscription link)Youtube (open broadcast) Technical sessions KS1 &#8211; Text Mining (05\/10, 08h30-10h00) Zoom meeting (subscription link)Youtube (open broadcast) Using Named Entities for Recognizing Family Relationships &#8211; Elias de Oliveira, Juliana Pirovani, Jaimel Lima and Gabriel Dias. (08h:30-08h45) Text&hellip; <a class=\"more-link\" href=\"https:\/\/eic.cefet-rj.br\/kdmile2021\/program\/\">Continue reading <span class=\"screen-reader-text\">Program<\/span><\/a><\/p>\n","protected":false},"author":1,"featured_media":0,"parent":0,"menu_order":0,"comment_status":"closed","ping_status":"closed","template":"","meta":{"footnotes":""},"class_list":["post-145","page","type-page","status-publish","hentry","entry"],"_links":{"self":[{"href":"https:\/\/eic.cefet-rj.br\/kdmile2021\/wp-json\/wp\/v2\/pages\/145","targetHints":{"allow":["GET"]}}],"collection":[{"href":"https:\/\/eic.cefet-rj.br\/kdmile2021\/wp-json\/wp\/v2\/pages"}],"about":[{"href":"https:\/\/eic.cefet-rj.br\/kdmile2021\/wp-json\/wp\/v2\/types\/page"}],"author":[{"embeddable":true,"href":"https:\/\/eic.cefet-rj.br\/kdmile2021\/wp-json\/wp\/v2\/users\/1"}],"replies":[{"embeddable":true,"href":"https:\/\/eic.cefet-rj.br\/kdmile2021\/wp-json\/wp\/v2\/comments?post=145"}],"version-history":[{"count":26,"href":"https:\/\/eic.cefet-rj.br\/kdmile2021\/wp-json\/wp\/v2\/pages\/145\/revisions"}],"predecessor-version":[{"id":210,"href":"https:\/\/eic.cefet-rj.br\/kdmile2021\/wp-json\/wp\/v2\/pages\/145\/revisions\/210"}],"wp:attachment":[{"href":"https:\/\/eic.cefet-rj.br\/kdmile2021\/wp-json\/wp\/v2\/media?parent=145"}],"curies":[{"name":"wp","href":"https:\/\/api.w.org\/{rel}","templated":true}]}}