{"id":141,"date":"2021-09-26T15:22:27","date_gmt":"2021-09-26T15:22:27","guid":{"rendered":"https:\/\/eic.cefet-rj.br\/kdmile2021\/?page_id=141"},"modified":"2021-10-04T12:39:38","modified_gmt":"2021-10-04T12:39:38","slug":"keynote-1","status":"publish","type":"page","link":"https:\/\/eic.cefet-rj.br\/kdmile2021\/keynote-1\/","title":{"rendered":"KSN1 (05\/10, 10h45 -12h00)"},"content":{"rendered":"\n<div class=\"wp-block-media-text alignwide has-media-on-the-right is-stacked-on-mobile is-vertically-aligned-top is-style-twentytwentyone-border\" style=\"grid-template-columns:auto 15%\"><figure class=\"wp-block-media-text__media\"><img loading=\"lazy\" decoding=\"async\" width=\"768\" height=\"1024\" src=\"https:\/\/eic.cefet-rj.br\/kdmile2021\/wp-content\/uploads\/2021\/07\/ACLorena-768x1024.jpeg\" alt=\"\" class=\"wp-image-131 size-full\" srcset=\"https:\/\/eic.cefet-rj.br\/kdmile2021\/wp-content\/uploads\/2021\/07\/ACLorena-768x1024.jpeg 768w, https:\/\/eic.cefet-rj.br\/kdmile2021\/wp-content\/uploads\/2021\/07\/ACLorena-225x300.jpeg 225w, https:\/\/eic.cefet-rj.br\/kdmile2021\/wp-content\/uploads\/2021\/07\/ACLorena.jpeg 960w\" sizes=\"auto, (max-width: 768px) 100vw, 768px\" \/><\/figure><div class=\"wp-block-media-text__content\">\n<p><strong>Palestrante:<\/strong> Ana Carolina Lorena (Divis\u00e3o de Ci\u00eancia da Computa\u00e7\u00e3o, <a href=\"http:\/\/www.ita.br\" data-type=\"URL\" data-id=\"http:\/\/www.ita.br\">ITA<\/a>)<\/p>\n\n\n\n<p><strong>Minibiografia: <\/strong>Ana Carolina Lorena \u00e9 Bacharel em Ci\u00eancia de Computa\u00e7\u00e3o pelo ICMC-USP (1997-2001) e doutora em Ci\u00eancia da Computa\u00e7\u00e3o pela mesma institui\u00e7\u00e3o (2002-2006). Foi docente da Universidade Federal do ABC de 2007 a 2012 e da Universidade Federal de S\u00e3o Paulo de 2012 a 2018. Atualmente \u00e9 Professora Associada no Instituto Tecnol\u00f3gico de Aeron\u00e1utica.\u00a0 \u00c9 coautora do livro Intelig\u00eancia Artificial: uma abordagem de Aprendizado de M\u00e1quina, cuja primeira edi\u00e7\u00e3o foi vencedora do pr\u00eamio Jabuti 2012 na categoria Tecnologia e Inform\u00e1tica. Atua principalmente em Intelig\u00eancia Artificial, Aprendizado de M\u00e1quina, Minera\u00e7\u00e3o e Ci\u00eancia de Dados.<\/p>\n\n\n\n<p><strong>T\u00edtulo: <\/strong>Ci\u00eancia de Dados no Enfrentamento de Surtos,\u00a0Epidemias e Pandemias em Hospitais <\/p>\n\n\n\n<p><strong>Resumo:<\/strong>&nbsp;O Brasil tem enfrentado a prolifera\u00e7\u00e3o de diversas doen\u00e7as contagiosas nos \u00faltimos anos, sendo o caso mais recente o da pandemia COVID-19. Hospitais de refer\u00eancia em grandes cidades enfrentam muitas dificuldades de gest\u00e3o de seus recursos e profissionais nesses per\u00edodos. E, embora grandes volumes de dados sejam coletados nesses hospitais, sua coleta e organiza\u00e7\u00e3o n\u00e3o \u00e9 padronizada e h\u00e1 problemas de qualidade dos dados que dificultam realizar an\u00e1lises que d\u00eaem suporte a uma tomada de decis\u00e3o confi\u00e1vel. Nesta palestra s\u00e3o descritos alguns trabalhos em andamento envolvendo diversas etapas da Ci\u00eancia de Dados com o objetivo de obter modelos preditivos para o suporte \u00e0 decis\u00e3o no enfrentamento de surtos,&nbsp;epidemias e pandemias em hospitais.&nbsp;<\/p>\n<\/div><\/div>\n","protected":false},"excerpt":{"rendered":"<p>Palestrante: Ana Carolina Lorena (Divis\u00e3o de Ci\u00eancia da Computa\u00e7\u00e3o, ITA) Minibiografia: Ana Carolina Lorena \u00e9 Bacharel em Ci\u00eancia de Computa\u00e7\u00e3o pelo ICMC-USP (1997-2001) e doutora em Ci\u00eancia da Computa\u00e7\u00e3o pela mesma institui\u00e7\u00e3o (2002-2006). Foi docente da Universidade Federal do ABC de 2007 a 2012 e da Universidade Federal de S\u00e3o Paulo de 2012 a 2018.&hellip; <a class=\"more-link\" href=\"https:\/\/eic.cefet-rj.br\/kdmile2021\/keynote-1\/\">Continue reading <span class=\"screen-reader-text\">KSN1 (05\/10, 10h45 -12h00)<\/span><\/a><\/p>\n","protected":false},"author":1,"featured_media":0,"parent":0,"menu_order":0,"comment_status":"closed","ping_status":"closed","template":"","meta":{"footnotes":""},"class_list":["post-141","page","type-page","status-publish","hentry","entry"],"_links":{"self":[{"href":"https:\/\/eic.cefet-rj.br\/kdmile2021\/wp-json\/wp\/v2\/pages\/141","targetHints":{"allow":["GET"]}}],"collection":[{"href":"https:\/\/eic.cefet-rj.br\/kdmile2021\/wp-json\/wp\/v2\/pages"}],"about":[{"href":"https:\/\/eic.cefet-rj.br\/kdmile2021\/wp-json\/wp\/v2\/types\/page"}],"author":[{"embeddable":true,"href":"https:\/\/eic.cefet-rj.br\/kdmile2021\/wp-json\/wp\/v2\/users\/1"}],"replies":[{"embeddable":true,"href":"https:\/\/eic.cefet-rj.br\/kdmile2021\/wp-json\/wp\/v2\/comments?post=141"}],"version-history":[{"count":5,"href":"https:\/\/eic.cefet-rj.br\/kdmile2021\/wp-json\/wp\/v2\/pages\/141\/revisions"}],"predecessor-version":[{"id":186,"href":"https:\/\/eic.cefet-rj.br\/kdmile2021\/wp-json\/wp\/v2\/pages\/141\/revisions\/186"}],"wp:attachment":[{"href":"https:\/\/eic.cefet-rj.br\/kdmile2021\/wp-json\/wp\/v2\/media?parent=141"}],"curies":[{"name":"wp","href":"https:\/\/api.w.org\/{rel}","templated":true}]}}