{"id":22,"date":"2020-03-10T23:20:29","date_gmt":"2020-03-11T02:20:29","guid":{"rendered":"https:\/\/eic.cefet-rj.br\/eri-rj-2020\/?page_id=22"},"modified":"2021-11-14T19:47:23","modified_gmt":"2021-11-14T22:47:23","slug":"submissoes","status":"publish","type":"page","link":"https:\/\/eic.cefet-rj.br\/eri-rj-2021\/index.php\/submissoes\/","title":{"rendered":"Submiss\u00f5es"},"content":{"rendered":"<p>O evento aceitar\u00e1 a submiss\u00e3o de artigos curtos (short papers) de no m\u00e1ximo 4 p\u00e1ginas e artigos longos (full papers) de no m\u00e1ximo 8 p\u00e1ginas. A submiss\u00e3o dos artigos ser\u00e1 por meio do sistema JEMS oferecido pela SBC. \u00a0 Os trabalhos aceitos ser\u00e3o apresentados oralmente na Sess\u00e3o Poster (short papers) e Sess\u00e3o T\u00e9cnica 1 e 2 (full papers).<\/p>\n<p>Os melhores artigos ser\u00e3o publicados na revista Cadernos do IME &#8211; S\u00e9rie Inform\u00e1tica (Qualis B5 em Ci\u00eancia da Computa\u00e7\u00e3o e B4 na Interdisciplinar).<\/p>\n<p>O formato dos artigos seguir\u00e1 o modelo de publica\u00e7\u00e3o de artigos da SBC, disponibilizado pelo endere\u00e7o: http:\/\/www.sbc.org.br\/documentos-da-sbc\/summary\/169-templates-para-artigos-e-capitulos-de-livros\/878-modelosparapublicaodeartigos<\/p>\n<p><span style=\"color: #ff0000;\">Para submeter seu artigo clique<\/span> <a href=\"https:\/\/jems.sbc.org.br\/home.cgi?c=3960\">AQUI.<\/a><\/p>\n<p><a href=\"https:\/\/eic.cefet-rj.br\/eri-rj-2021\/wp-content\/uploads\/2021\/11\/Anais-Eri.pdf\"><span style=\"color: #0000ff;\">TERMO DE AUTORIZA\u00c7\u00c3O DE PUBLICA\u00c7\u00c3O<\/span><\/a><\/p>\n","protected":false},"excerpt":{"rendered":"<p>O evento aceitar\u00e1 a submiss\u00e3o de artigos curtos (short papers) de no m\u00e1ximo 4 p\u00e1ginas e artigos longos (full papers)&hellip; <\/p>\n","protected":false},"author":1,"featured_media":0,"parent":0,"menu_order":0,"comment_status":"closed","ping_status":"closed","template":"","meta":{"_monsterinsights_skip_tracking":false,"_monsterinsights_sitenote_active":false,"_monsterinsights_sitenote_note":"","_monsterinsights_sitenote_category":0,"footnotes":""},"class_list":["post-22","page","type-page","status-publish","hentry"],"_links":{"self":[{"href":"https:\/\/eic.cefet-rj.br\/eri-rj-2021\/index.php\/wp-json\/wp\/v2\/pages\/22","targetHints":{"allow":["GET"]}}],"collection":[{"href":"https:\/\/eic.cefet-rj.br\/eri-rj-2021\/index.php\/wp-json\/wp\/v2\/pages"}],"about":[{"href":"https:\/\/eic.cefet-rj.br\/eri-rj-2021\/index.php\/wp-json\/wp\/v2\/types\/page"}],"author":[{"embeddable":true,"href":"https:\/\/eic.cefet-rj.br\/eri-rj-2021\/index.php\/wp-json\/wp\/v2\/users\/1"}],"replies":[{"embeddable":true,"href":"https:\/\/eic.cefet-rj.br\/eri-rj-2021\/index.php\/wp-json\/wp\/v2\/comments?post=22"}],"version-history":[{"count":12,"href":"https:\/\/eic.cefet-rj.br\/eri-rj-2021\/index.php\/wp-json\/wp\/v2\/pages\/22\/revisions"}],"predecessor-version":[{"id":248,"href":"https:\/\/eic.cefet-rj.br\/eri-rj-2021\/index.php\/wp-json\/wp\/v2\/pages\/22\/revisions\/248"}],"wp:attachment":[{"href":"https:\/\/eic.cefet-rj.br\/eri-rj-2021\/index.php\/wp-json\/wp\/v2\/media?parent=22"}],"curies":[{"name":"wp","href":"https:\/\/api.w.org\/{rel}","templated":true}]}}