{"id":205,"date":"2021-09-20T23:12:11","date_gmt":"2021-09-21T02:12:11","guid":{"rendered":"https:\/\/eic.cefet-rj.br\/eri-rj-2021\/?page_id=205"},"modified":"2021-11-19T17:57:47","modified_gmt":"2021-11-19T20:57:47","slug":"mesa-redonda","status":"publish","type":"page","link":"https:\/\/eic.cefet-rj.br\/eri-rj-2021\/index.php\/mesa-redonda\/","title":{"rendered":"Mesa-Redonda"},"content":{"rendered":"<p><strong>MESA-REDONDA<\/strong><\/p>\n<h2>MR1 &#8211; Mulheres na Computa\u00e7\u00e3o<\/h2>\n<p><strong>Moderadora: <\/strong>Luciene Motta &#8211; FAETEC<\/p>\n<p><strong>Hor\u00e1rio:<\/strong> 23\/11 (Ter\u00e7a-feira)\u00a0 &#8211; 18h-19h<\/p>\n<p><strong>Participantes: <\/strong><\/p>\n<p>Danielle Monteiro &#8211; WB Soft<\/p>\n<p>Raissa Amaral &#8211; Visagio<\/p>\n<p>Cristina Nader Vasconcelos &#8211; Google<\/p>\n<p>Carolina Zamith &#8211; Spotify<\/p>\n<p>Aura Conci &#8211; UFF<\/p>\n<h2>MR2 &#8211; Ci\u00eancia de Dados: Inova\u00e7\u00e3o e Pesquisa nas Empresas<\/h2>\n<p><strong>Moderador:<\/strong> Diego Haddad &#8211; CEFET\/RJ<\/p>\n<p><strong>Hor\u00e1rio:<\/strong> 24\/11 (Quarta-feira)\u00a0 &#8211; 18h-19h<\/p>\n<p><strong>Participantes: <\/strong><\/p>\n<p>Rodrigo Franco Toso &#8211; Microsoft Research &amp; AI<\/p>\n<p>Fabio Andrade &#8211; Diretor de Dados e Inova\u00e7\u00e3o Rede D&#8217;Or<\/p>\n<p>Giulio Bottari &#8211; Media Tech Lab &#8211; GLOBO<\/p>\n<p>Ubirajara Junior &#8211; Digital Lab &#8211; VALE<\/p>\n<p>Gustavo Taveira &#8211; Digital Solutions &#8211; TIM<\/p>\n<p>Leonardo Freitas &#8211; Gestor de Startups &#8211; Min. de Ci\u00eancia, Tecnologia e Inova\u00e7\u00f5es<\/p>\n","protected":false},"excerpt":{"rendered":"<p>MESA-REDONDA MR1 &#8211; Mulheres na Computa\u00e7\u00e3o Moderadora: Luciene Motta &#8211; FAETEC Hor\u00e1rio: 23\/11 (Ter\u00e7a-feira)\u00a0 &#8211; 18h-19h Participantes: Danielle Monteiro &#8211;&hellip; <\/p>\n","protected":false},"author":2,"featured_media":0,"parent":0,"menu_order":0,"comment_status":"closed","ping_status":"closed","template":"","meta":{"_monsterinsights_skip_tracking":false,"_monsterinsights_sitenote_active":false,"_monsterinsights_sitenote_note":"","_monsterinsights_sitenote_category":0,"footnotes":""},"class_list":["post-205","page","type-page","status-publish","hentry"],"_links":{"self":[{"href":"https:\/\/eic.cefet-rj.br\/eri-rj-2021\/index.php\/wp-json\/wp\/v2\/pages\/205","targetHints":{"allow":["GET"]}}],"collection":[{"href":"https:\/\/eic.cefet-rj.br\/eri-rj-2021\/index.php\/wp-json\/wp\/v2\/pages"}],"about":[{"href":"https:\/\/eic.cefet-rj.br\/eri-rj-2021\/index.php\/wp-json\/wp\/v2\/types\/page"}],"author":[{"embeddable":true,"href":"https:\/\/eic.cefet-rj.br\/eri-rj-2021\/index.php\/wp-json\/wp\/v2\/users\/2"}],"replies":[{"embeddable":true,"href":"https:\/\/eic.cefet-rj.br\/eri-rj-2021\/index.php\/wp-json\/wp\/v2\/comments?post=205"}],"version-history":[{"count":8,"href":"https:\/\/eic.cefet-rj.br\/eri-rj-2021\/index.php\/wp-json\/wp\/v2\/pages\/205\/revisions"}],"predecessor-version":[{"id":250,"href":"https:\/\/eic.cefet-rj.br\/eri-rj-2021\/index.php\/wp-json\/wp\/v2\/pages\/205\/revisions\/250"}],"wp:attachment":[{"href":"https:\/\/eic.cefet-rj.br\/eri-rj-2021\/index.php\/wp-json\/wp\/v2\/media?parent=205"}],"curies":[{"name":"wp","href":"https:\/\/api.w.org\/{rel}","templated":true}]}}