{"id":2,"date":"2020-02-27T16:02:52","date_gmt":"2020-02-27T19:02:52","guid":{"rendered":"https:\/\/eic.cefet-rj.br\/eri-rj-2020\/?page_id=2"},"modified":"2021-09-24T11:16:35","modified_gmt":"2021-09-24T14:16:35","slug":"pagina-exemplo","status":"publish","type":"page","link":"https:\/\/eic.cefet-rj.br\/eri-rj-2021\/","title":{"rendered":"ERI-RJ 2021 &#8211; Evento online"},"content":{"rendered":"<p><!--\n\n\n<blockquote>&nbsp;<\/blockquote>\n\n\n&nbsp;--><\/p>\n<div align=\"justify\">\n<p>A Escola Regional de Inform\u00e1tica (ERI) \u00e9 um evento promovido pela Sociedade Brasileira de Computa\u00e7\u00e3o (SBC). Neste ano de 2021, este evento est\u00e1 sendo organizado pelo CEFET\/RJ. O objetivo da ERI \u00e9 disseminar temas atuais e relevantes relacionados \u00e0 Inform\u00e1tica e \u00e0 Ci\u00eancia da Computa\u00e7\u00e3o, al\u00e9m de promover a integra\u00e7\u00e3o entre professores, alunos e profissionais que atuam com tecnologias de informa\u00e7\u00e3o inovadoras e de impacto social. A programa\u00e7\u00e3o prev\u00ea a realiza\u00e7\u00e3o de minicursos, palestras, apresenta\u00e7\u00e3o de pain\u00e9is e de trabalhos cient\u00edficos, envolvendo participantes de comunidades cient\u00edficas das \u00e1reas de Ci\u00eancia da Computa\u00e7\u00e3o, Sistemas de Informa\u00e7\u00e3o e Empreendedorismo.<\/p>\n<p>A ERI-RIO-2021 ter\u00e1 como tema principal a Ci\u00eancia de Dados. Essa \u00e1rea \u00e9 formada por profissionais com vis\u00e3o multidisciplinar e capazes de formular problemas sob uma perspectiva centrada em dados, transformando-os em conhecimento apropriado para ajuda na tomada de decis\u00f5es. Esse tema \u00e9 atual e se alinha a uma demanda nacional e internacional crescente<\/p>\n<\/div>\n","protected":false},"excerpt":{"rendered":"<p>A Escola Regional de Inform\u00e1tica (ERI) \u00e9 um evento promovido pela Sociedade Brasileira de Computa\u00e7\u00e3o (SBC). Neste ano de 2021,&hellip; <\/p>\n","protected":false},"author":1,"featured_media":0,"parent":0,"menu_order":0,"comment_status":"closed","ping_status":"open","template":"","meta":{"_monsterinsights_skip_tracking":false,"_monsterinsights_sitenote_active":false,"_monsterinsights_sitenote_note":"","_monsterinsights_sitenote_category":0,"footnotes":""},"class_list":["post-2","page","type-page","status-publish","hentry"],"_links":{"self":[{"href":"https:\/\/eic.cefet-rj.br\/eri-rj-2021\/index.php\/wp-json\/wp\/v2\/pages\/2","targetHints":{"allow":["GET"]}}],"collection":[{"href":"https:\/\/eic.cefet-rj.br\/eri-rj-2021\/index.php\/wp-json\/wp\/v2\/pages"}],"about":[{"href":"https:\/\/eic.cefet-rj.br\/eri-rj-2021\/index.php\/wp-json\/wp\/v2\/types\/page"}],"author":[{"embeddable":true,"href":"https:\/\/eic.cefet-rj.br\/eri-rj-2021\/index.php\/wp-json\/wp\/v2\/users\/1"}],"replies":[{"embeddable":true,"href":"https:\/\/eic.cefet-rj.br\/eri-rj-2021\/index.php\/wp-json\/wp\/v2\/comments?post=2"}],"version-history":[{"count":15,"href":"https:\/\/eic.cefet-rj.br\/eri-rj-2021\/index.php\/wp-json\/wp\/v2\/pages\/2\/revisions"}],"predecessor-version":[{"id":231,"href":"https:\/\/eic.cefet-rj.br\/eri-rj-2021\/index.php\/wp-json\/wp\/v2\/pages\/2\/revisions\/231"}],"wp:attachment":[{"href":"https:\/\/eic.cefet-rj.br\/eri-rj-2021\/index.php\/wp-json\/wp\/v2\/media?parent=2"}],"curies":[{"name":"wp","href":"https:\/\/api.w.org\/{rel}","templated":true}]}}