{"id":124,"date":"2021-08-23T22:34:17","date_gmt":"2021-08-24T01:34:17","guid":{"rendered":"https:\/\/eic.cefet-rj.br\/eri-rj-2021\/?page_id=124"},"modified":"2021-11-04T21:57:57","modified_gmt":"2021-11-05T00:57:57","slug":"inscricoes","status":"publish","type":"page","link":"https:\/\/eic.cefet-rj.br\/eri-rj-2021\/index.php\/inscricoes\/","title":{"rendered":"Inscri\u00e7\u00f5es"},"content":{"rendered":"<p><center><\/center>&nbsp;<\/p>\n<div id=\"corpo\">\n<div id=\"texto\">\n<p><b>As inscri\u00e7\u00f5es devem ser realizadas atrav\u00e9s do Sistema de Inscri\u00e7\u00f5es da SBC, o sistema <a href=\"https:\/\/centraldesistemas.sbc.org.br\/ecos\">ECOS<\/a>.<\/b><\/p>\n<p>&nbsp;<\/p>\n<p>Os autores de trabalhos a serem publicados dever\u00e3o ter UMA INSCRI\u00c7\u00c3O PAGA para confirma\u00e7\u00e3o da publica\u00e7\u00e3o de seus trabalhos nos anais do evento.<\/p>\n<p>A inscri\u00e7\u00e3o no evento, em qualquer categoria, garante a participa\u00e7\u00e3o em todas as atividades do evento (f\u00f3runs, palestras e at\u00e9 dois minicursos).<\/p>\n<p>Pagamentos realizados por boleto e d\u00e9bito poder\u00e3o ser feitos at\u00e9 o dia 19\/11\/2021.<\/p>\n<p><!--<b><i>Inscri&ccedil;&otilde;es ainda n&atilde;o abertas. Aguarde divulga&ccedil;&atilde;o<\/i><\/b>--><\/p>\n<p><b> <span style=\"color: red;\">Inscri\u00e7\u00f5es abertas.<\/span> As inscri\u00e7\u00f5es devem ser realizadas atrav\u00e9s do Link: <a href=\"https:\/\/centraldesistemas.sbc.org.br\/ecos\/erirj2021\"> ERIRJ2021<\/a><br \/>\n<\/b><\/p>\n<p><u>Ap\u00f3s a inscri\u00e7\u00e3o no evento, os participantes devem se inscrever nos minicursos pelo link<\/u> <strong><a href=\"https:\/\/forms.gle\/iVXyesLQQYAe66ia9\">MINICURSOS<\/a><\/strong><\/p>\n<p><strong>Tabela de categorias e de valores para a ERI-RJ 2021<\/strong><\/p>\n<table class=\"tg\" style=\"width: 500px;\">\n<tbody>\n<tr>\n<th class=\"tg-hgcj\" style=\"background: lightblue;\" colspan=\"2\" align=\"center\"><b>Estudantes de Gradua\u00e7\u00e3o \/ Ensino M\u00e9dio<\/b><\/th>\n<\/tr>\n<tr>\n<td class=\"tg-a1rn\">Estudantes associados SBC<\/td>\n<td class=\"tg-ci37\" style=\"width: 100px;\">R$ 5,00<\/td>\n<\/tr>\n<tr>\n<td class=\"tg-a1rn\">Estudantes n\u00e3o associados (Melhor op\u00e7\u00e3o: Associa\u00e7\u00e3o + Inscri\u00e7\u00e3o)<\/td>\n<td class=\"tg-ci37\">R$ 29,00<\/td>\n<\/tr>\n<tr>\n<td class=\"tg-a1rn\">Estudantes n\u00e3o associados (Somente inscri\u00e7\u00e3o)<\/td>\n<td class=\"tg-ci37\">R$ 30,00<\/td>\n<\/tr>\n<tr>\n<th class=\"tg-hgcj\" style=\"background: lightblue;\" colspan=\"2\" align=\"center\"><b>Estudantes de P\u00f3s Gradua\u00e7\u00e3o<\/b><\/th>\n<\/tr>\n<tr>\n<td class=\"tg-a1rn\">Estudantes PG associados SBC<\/td>\n<td class=\"tg-ci37\">R$ 10,00<\/td>\n<\/tr>\n<tr>\n<td class=\"tg-a1rn\">Estudantes PG n\u00e3o associados (Melhor op\u00e7\u00e3o: Associa\u00e7\u00e3o + Inscri\u00e7\u00e3o)<\/td>\n<td class=\"tg-ci37\">R$ 108,00<\/td>\n<\/tr>\n<tr>\n<td class=\"tg-kjho\">Estudantes PG n\u00e3o associados (Somente inscri\u00e7\u00e3o)<\/td>\n<td class=\"tg-ci37\">R$ 109,00<\/td>\n<\/tr>\n<tr>\n<th class=\"tg-amwm\" style=\"background: lightblue;\" colspan=\"2\" align=\"center\"><b>Profissionais\/Efetivos<\/b><\/th>\n<\/tr>\n<tr>\n<td class=\"tg-kjho\">Efetivos associados SBC<\/td>\n<td class=\"tg-ci37\">R$ 30,00<\/td>\n<\/tr>\n<tr>\n<td class=\"tg-kjho\">Efetivos n\u00e3o associados (Melhor op\u00e7\u00e3o: Associa\u00e7\u00e3o + Inscri\u00e7\u00e3o)<\/td>\n<td class=\"tg-ci37\">R$ 309,00<\/td>\n<\/tr>\n<tr>\n<td class=\"tg-kjho\">Efetivos n\u00e3o associados (Somente inscri\u00e7\u00e3o)<\/td>\n<td class=\"tg-ci37\">R$ 312,00<\/td>\n<\/tr>\n<tr>\n<th class=\"tg-amwm\" style=\"background: lightblue;\" colspan=\"2\" align=\"center\"><b>Ensino M\u00e9dio<\/b><\/th>\n<\/tr>\n<tr>\n<td class=\"tg-kjho\">Professores Associados a SBC<\/td>\n<td class=\"tg-ci37\">R$ 30,00<\/td>\n<\/tr>\n<tr>\n<td class=\"tg-kjho\">Professores n\u00e3o-Associados (Melhor op\u00e7\u00e3o: Associa\u00e7\u00e3o + Inscri\u00e7\u00e3o)<\/td>\n<td class=\"tg-ci37\">R$ 128,00<\/td>\n<\/tr>\n<tr>\n<td class=\"tg-kjho\">Professores n\u00e3o associados (Somente inscri\u00e7\u00e3o)<\/td>\n<td class=\"tg-ci37\">R$ 131,00<\/td>\n<\/tr>\n<\/tbody>\n<\/table>\n<p>&nbsp;<\/p>\n<p><strong><i>Pol\u00edtica de cancelamento:<\/i><\/strong> A data limite para solicita\u00e7\u00e3o de reembolso da inscri\u00e7\u00e3o \u00e9 12\/11\/2021. O valor do reembolso ser\u00e1 de 80%, sendo que os 20% restantes devem cobrir os custos administrativos da inscri\u00e7\u00e3o. Para solicitar o cancelamento, envie um e-mail para faturamento@sbc.org.br<\/p>\n<p>&nbsp;<\/p>\n<\/div>\n<p><!-- rodape--><br \/>\n<!--?php \/\/include 'rodape.inc'; ?--><\/p>\n<\/div>\n<p>&nbsp;<\/p>\n","protected":false},"excerpt":{"rendered":"<p>&nbsp; As inscri\u00e7\u00f5es devem ser realizadas atrav\u00e9s do Sistema de Inscri\u00e7\u00f5es da SBC, o sistema ECOS. &nbsp; Os autores de&hellip; <\/p>\n","protected":false},"author":2,"featured_media":0,"parent":0,"menu_order":0,"comment_status":"closed","ping_status":"closed","template":"","meta":{"_monsterinsights_skip_tracking":false,"_monsterinsights_sitenote_active":false,"_monsterinsights_sitenote_note":"","_monsterinsights_sitenote_category":0,"footnotes":""},"class_list":["post-124","page","type-page","status-publish","hentry"],"_links":{"self":[{"href":"https:\/\/eic.cefet-rj.br\/eri-rj-2021\/index.php\/wp-json\/wp\/v2\/pages\/124","targetHints":{"allow":["GET"]}}],"collection":[{"href":"https:\/\/eic.cefet-rj.br\/eri-rj-2021\/index.php\/wp-json\/wp\/v2\/pages"}],"about":[{"href":"https:\/\/eic.cefet-rj.br\/eri-rj-2021\/index.php\/wp-json\/wp\/v2\/types\/page"}],"author":[{"embeddable":true,"href":"https:\/\/eic.cefet-rj.br\/eri-rj-2021\/index.php\/wp-json\/wp\/v2\/users\/2"}],"replies":[{"embeddable":true,"href":"https:\/\/eic.cefet-rj.br\/eri-rj-2021\/index.php\/wp-json\/wp\/v2\/comments?post=124"}],"version-history":[{"count":12,"href":"https:\/\/eic.cefet-rj.br\/eri-rj-2021\/index.php\/wp-json\/wp\/v2\/pages\/124\/revisions"}],"predecessor-version":[{"id":245,"href":"https:\/\/eic.cefet-rj.br\/eri-rj-2021\/index.php\/wp-json\/wp\/v2\/pages\/124\/revisions\/245"}],"wp:attachment":[{"href":"https:\/\/eic.cefet-rj.br\/eri-rj-2021\/index.php\/wp-json\/wp\/v2\/media?parent=124"}],"curies":[{"name":"wp","href":"https:\/\/api.w.org\/{rel}","templated":true}]}}