{"id":12,"date":"2020-03-10T23:10:14","date_gmt":"2020-03-11T02:10:14","guid":{"rendered":"https:\/\/eic.cefet-rj.br\/eri-rj-2020\/?page_id=12"},"modified":"2021-10-11T18:09:31","modified_gmt":"2021-10-11T21:09:31","slug":"organizacao","status":"publish","type":"page","link":"https:\/\/eic.cefet-rj.br\/eri-rj-2021\/index.php\/organizacao\/","title":{"rendered":"Organiza\u00e7\u00e3o"},"content":{"rendered":"<h3>Organiza\u00e7\u00e3o Geral<\/h3>\n<ul>\n<li>Diego Brand\u00e3o &#8211; CEFET\/RJ<\/li>\n<li>Myrna Cec\u00edlia M. dos Santos Amorim\u00a0&#8211; CEFET\/RJ<\/li>\n<\/ul>\n<h3>Chair do Comit\u00ea de Programa<\/h3>\n<ul>\n<li>Diego Brand\u00e3o &#8211; CEFET\/RJ<\/li>\n<\/ul>\n<h3>Comit\u00ea de Organiza\u00e7\u00e3o Local<\/h3>\n<ul>\n<li>Diego B. Haddad &#8211; CEFET\/RJ<\/li>\n<li>Eduardo Ogasawara &#8211; CEFET\/RJ<\/li>\n<li>Glauco F. Amorim &#8211; CEFET\/RJ<\/li>\n<li>Myrna Cec\u00edlia M. dos Santos Amorim\u00a0&#8211; CEFET\/RJ<\/li>\n<\/ul>\n<h3>Comit\u00ea de Programa<\/h3>\n<ul>\n<li>Adria Lyra &#8211; UFRRJ<\/li>\n<li>Augusto Almeida Garcia &#8211; IFRJ<\/li>\n<li>Bruno Santos do Nascimento &#8211; Faculdade SENAC-RJ<\/li>\n<li>Bruno Guedes &#8211; CEFET\/RJ<\/li>\n<li>Edgar Barbosa Lima &#8211; IFRJ<\/li>\n<li>Edhelmira Lima &#8211; UFRRJ<\/li>\n<li>Eduardo Ogasawara &#8211; CEFET\/RJ<\/li>\n<li>Flavia Bernardini &#8211; UFF<\/li>\n<li>Francisco Eduardo Cirto &#8211; CEFET\/RJ<\/li>\n<li>Giomar Oliver S. Olivera &#8211; Centro Universit\u00e1rio Anhanguera<\/li>\n<li>Glauco F. Amorim &#8211; CEFET\/RJ<\/li>\n<li>Gustavo Semaan &#8211; UFF<\/li>\n<li>Jacques Silva &#8211; IBGE<\/li>\n<li>Jos\u00e9 Andr\u00e9 de Moura Brito &#8211; ENCE<\/li>\n<li>Jos\u00e9 Ricardo da Silva Jr. &#8211; IFRJ<\/li>\n<li>Jos\u00e9 Wilson Pinto &#8211; FAETEC<\/li>\n<li>Julio Cesar Duarte &#8211; Instituto Militar de Engenharia (IME)<\/li>\n<li>Lincoln Faria da Silva &#8211; UERJ<\/li>\n<li>Luciene Cristina S. Motta &#8211; FAETEC e Col\u00e9gio Santo In\u00e1cio<\/li>\n<li>Luis Domingues T. J. Tarrataca &#8211; CEFET\/RJ<\/li>\n<li>Marcos Antonio Guerine Ribeiro &#8211; IFRJ<\/li>\n<li>Rafaelli Coutinho &#8211; CEFET\/RJ<\/li>\n<li>Raphael Guerra &#8211; UFF<\/li>\n<li>Ricardo Choren &#8211; Instituto Militar de Engenharia (IME)<\/li>\n<li>Simone Vasconcelos &#8211; IFF<\/li>\n<li>Tiago Ara\u00fajo Neves &#8211; UFF<\/li>\n<li>Ubiratan Carvalho &#8211; UFRRJ<\/li>\n<li>Vera Werneck &#8211; UERJ<\/li>\n<\/ul>\n<h3>Comit\u00ea de Divulga\u00e7\u00e3o e Comunica\u00e7\u00e3o<\/h3>\n<ul>\n<li>Rafaelli Coutinho &#8211; CEFET\/RJ<\/li>\n<li>Luis Barbosa Jr. &#8211; CEFET\/RJ<\/li>\n<\/ul>\n<p>&nbsp;<\/p>\n","protected":false},"excerpt":{"rendered":"<p>Organiza\u00e7\u00e3o Geral Diego Brand\u00e3o &#8211; CEFET\/RJ Myrna Cec\u00edlia M. dos Santos Amorim\u00a0&#8211; CEFET\/RJ Chair do Comit\u00ea de Programa Diego Brand\u00e3o&hellip; <\/p>\n","protected":false},"author":1,"featured_media":0,"parent":0,"menu_order":0,"comment_status":"closed","ping_status":"closed","template":"","meta":{"_monsterinsights_skip_tracking":false,"_monsterinsights_sitenote_active":false,"_monsterinsights_sitenote_note":"","_monsterinsights_sitenote_category":0,"footnotes":""},"class_list":["post-12","page","type-page","status-publish","hentry"],"_links":{"self":[{"href":"https:\/\/eic.cefet-rj.br\/eri-rj-2021\/index.php\/wp-json\/wp\/v2\/pages\/12","targetHints":{"allow":["GET"]}}],"collection":[{"href":"https:\/\/eic.cefet-rj.br\/eri-rj-2021\/index.php\/wp-json\/wp\/v2\/pages"}],"about":[{"href":"https:\/\/eic.cefet-rj.br\/eri-rj-2021\/index.php\/wp-json\/wp\/v2\/types\/page"}],"author":[{"embeddable":true,"href":"https:\/\/eic.cefet-rj.br\/eri-rj-2021\/index.php\/wp-json\/wp\/v2\/users\/1"}],"replies":[{"embeddable":true,"href":"https:\/\/eic.cefet-rj.br\/eri-rj-2021\/index.php\/wp-json\/wp\/v2\/comments?post=12"}],"version-history":[{"count":20,"href":"https:\/\/eic.cefet-rj.br\/eri-rj-2021\/index.php\/wp-json\/wp\/v2\/pages\/12\/revisions"}],"predecessor-version":[{"id":240,"href":"https:\/\/eic.cefet-rj.br\/eri-rj-2021\/index.php\/wp-json\/wp\/v2\/pages\/12\/revisions\/240"}],"wp:attachment":[{"href":"https:\/\/eic.cefet-rj.br\/eri-rj-2021\/index.php\/wp-json\/wp\/v2\/media?parent=12"}],"curies":[{"name":"wp","href":"https:\/\/api.w.org\/{rel}","templated":true}]}}