{"id":39,"date":"2018-02-22T17:55:12","date_gmt":"2018-02-22T17:55:12","guid":{"rendered":"http:\/\/eic.cefet-rj.br\/ladas2018\/?page_id=39"},"modified":"2023-09-07T14:15:26","modified_gmt":"2023-09-07T17:15:26","slug":"program","status":"publish","type":"page","link":"https:\/\/eic.cefet-rj.br\/dexea2023\/program\/","title":{"rendered":"Program"},"content":{"rendered":"\n<p>All DEXEA2023 presentations will happen on the 25th of September.<\/p>\n\n\n\n<ul class=\"wp-block-list\">\n<li><strong>14h00<\/strong> <em>An\u00e1lise da Varia\u00e7\u00e3o da Coes\u00e3o do Discurso sobre a COVID-19 em M\u00eddia Social<\/em>. Jo\u00e3o Matheus Goncalves (UFRJ), Jonice Oliveira (UFRJ), Fabio Porto (LNCC), Tiago Fran\u00e7a (UFRRJ).<\/li>\n\n\n\n<li><strong>14h30<\/strong> <em>Precipitation Nowcasting using Data Augmentation<\/em>. Eduardo Bezerra (CEFET\/RJ), Augusto Fonseca (CEFET\/RJ), Adriano Cabo (CEFET\/RJ), Fabio Porto (LNCC), Mariza Ferro (UFF)<\/li>\n\n\n\n<li><strong>15h00<\/strong> <em>Machine learning derived sub-seasonal to seasonal extremes<\/em>. Daniel Salles Civitarese (IBM Research), Bianca Zadrozny (IBM Research)<\/li>\n\n\n\n<li><strong>15h30<\/strong> <em>Diversidade de Dados Meteorol\u00f3gicos da Cidade do Rio de Janeiro: Uma Proposta de Arquitetura de Armazenamento e Fluxo de Dados para Modelos de Previs\u00e3o<\/em>. Bruno de Freitas (UFF), Augusto Fonseca (CEFET\/RJ), Eduardo Bezerra (CEFET\/RJ), Flavia Bernardini (UFF), Mariza Ferro (UFF)<\/li>\n<\/ul>\n\n\n\n<p><\/p>\n","protected":false},"excerpt":{"rendered":"<p>All DEXEA2023 presentations will happen on the 25th of September.<\/p>\n","protected":false},"author":2,"featured_media":0,"parent":0,"menu_order":0,"comment_status":"closed","ping_status":"closed","template":"","meta":{"footnotes":""},"class_list":["post-39","page","type-page","status-publish","hentry"],"_links":{"self":[{"href":"https:\/\/eic.cefet-rj.br\/dexea2023\/wp-json\/wp\/v2\/pages\/39","targetHints":{"allow":["GET"]}}],"collection":[{"href":"https:\/\/eic.cefet-rj.br\/dexea2023\/wp-json\/wp\/v2\/pages"}],"about":[{"href":"https:\/\/eic.cefet-rj.br\/dexea2023\/wp-json\/wp\/v2\/types\/page"}],"author":[{"embeddable":true,"href":"https:\/\/eic.cefet-rj.br\/dexea2023\/wp-json\/wp\/v2\/users\/2"}],"replies":[{"embeddable":true,"href":"https:\/\/eic.cefet-rj.br\/dexea2023\/wp-json\/wp\/v2\/comments?post=39"}],"version-history":[{"count":6,"href":"https:\/\/eic.cefet-rj.br\/dexea2023\/wp-json\/wp\/v2\/pages\/39\/revisions"}],"predecessor-version":[{"id":205,"href":"https:\/\/eic.cefet-rj.br\/dexea2023\/wp-json\/wp\/v2\/pages\/39\/revisions\/205"}],"wp:attachment":[{"href":"https:\/\/eic.cefet-rj.br\/dexea2023\/wp-json\/wp\/v2\/media?parent=39"}],"curies":[{"name":"wp","href":"https:\/\/api.w.org\/{rel}","templated":true}]}}