{"id":39,"date":"2018-02-22T17:55:12","date_gmt":"2018-02-22T17:55:12","guid":{"rendered":"http:\/\/eic.cefet-rj.br\/ladas2018\/?page_id=39"},"modified":"2022-09-13T11:51:21","modified_gmt":"2022-09-13T14:51:21","slug":"program","status":"publish","type":"page","link":"https:\/\/eic.cefet-rj.br\/dexea2022\/program\/","title":{"rendered":"Program"},"content":{"rendered":"<h2>Accepted papers<\/h2>\n<p>P1#226315: <strong><em>Towards a Definition for Extreme Weather Events in Rio de Janeiro City<\/em><\/strong>. Mariza Ferro (IC-UFF\/LNCC), Eduardo Bezerra (CEFET-RJ), Eduardo Ogasawara (CEFET-RJ), Nilton Moraes (Alerta Rio), Fabio Porto (LNCC)<\/p>\n<p>P2#226334: <strong><em>Evaluating ML models for Atmospheric electrical discharges forecast<\/em><\/strong>. Arielle Bassanelli Pereira (UNIFESP), Alvaro Fazenda (UNIFESP), Alan James Calheiros (INPE)<\/p>\n<p>P3#226393: <strong><em>Analysis and Visualization of Extreme Weather Events in the City of Rio de Janeiro<\/em><\/strong>.\u00a0Anderson Silva (LNCC), Thiago Moeda (Observat\u00f3rio Nacional), Fabio Porto (LNCC)<\/p>\n<p>P4#226336: <strong><em>Analysis of precipitation data in Rio de Janeiro city using Extreme Value Theory.<\/em><\/strong> Augusto Fonseca (CEFET-RJ), Fabio Porto (LNCC), Mariza Ferro (IC-UFF\/LNCC), Eduardo Ogasawara (CEFET-RJ), Eduardo Bezerra (CEFET-RJ).<\/p>\n<p>P5#226344: <strong><em>Towards a cloud-based framework for online and integrated event detection.<\/em><\/strong> Janio Lima (CEFET-RJ), Rebecca Salles (CEFET-RJ), Luciana Escobar (CEFET-RJ), Cristiane G\u00e9a (CEFET-RJ\/UFF), Pedro Alpis Fernandes (CEFET-RJ), Esther Pacitti (INRIA), Fabio Porto (LNCC), Rafaelli Coutinho (CEFET-RJ), Eduardo Ogasawara (CEFET-RJ)<\/p>\n<p>P6#226511: <strong><em>@WeatherNit: uma Plataforma Orientada a Dados para Monitoramento de Chuvas e Ocorr\u00eancias de Eventos Clim\u00e1ticos<\/em><\/strong>. Marcos Lage (UFF), Aline Paes (UFF), Daniel de Oliveira (UFF)<\/p>\n<p><!-- #masthead --><\/p>\n<div id=\"content\" class=\"site-content\">\n<div id=\"primary\" class=\"content-area\"><\/div>\n<\/div>\n<article id=\"post-141\" class=\"post-141 page type-page status-publish hentry entry\">\n<header class=\"entry-header alignwide\">\n<h2>Keynote Speaker<\/h2>\n<\/header>\n<div class=\"entry-content\">\n<div class=\"wp-block-media-text alignwide has-media-on-the-right is-stacked-on-mobile is-vertically-aligned-top is-style-twentytwentyone-border\" style=\"grid-template-columns: auto 15%;\">\n<figure class=\"wp-block-media-text__media\"><img loading=\"lazy\" decoding=\"async\" class=\"wp-image-131 size-full\" src=\"https:\/\/eic.cefet-rj.br\/dexea2022\/wp-content\/uploads\/2022\/08\/Wanderson_COR-300x300.jpg\" sizes=\"auto, (max-width: 768px) 100vw, 768px\" srcset=\"https:\/\/eic.cefet-rj.br\/dexea2022\/wp-content\/uploads\/2022\/08\/Wanderson_COR-300x300.jpg 768w, https:\/\/eic.cefet-rj.br\/dexea2022\/wp-content\/uploads\/2022\/08\/Wanderson_COR-300x300.jpg 225w, https:\/\/eic.cefet-rj.br\/dexea2022\/wp-content\/uploads\/2022\/08\/Wanderson_COR-300x300.jpg 960w\" alt=\"\" width=\"768\" height=\"1024\" \/><\/figure>\n<div class=\"wp-block-media-text__content\">\n<p><strong>Palestrante:<\/strong> Wanderson Luiz Silva<\/p>\n<p><strong>Minibiografia:<\/strong> Wanderson Luiz Silva \u00e9 Meteorologista, Mestre em Meteorologia e Doutor em Engenharia Civil (\u00c1rea de Meio Ambiente e Recursos H\u00eddricos) pela Universidade Federal do Rio de Janeiro (UFRJ). Atualmente \u00e9 Professor Adjunto, Pesquisador e Chefe do Departamento de Meteorologia da UFRJ e Coordenador do Laborat\u00f3rio de Previs\u00e3o de Curt\u00edssimo Prazo e Eventos Extremos. Atua tamb\u00e9m como Professor Colaborador no Programa de P\u00f3s-Gradua\u00e7\u00e3o (Mestrado e Doutorado) em Meteorologia da UFRJ e no Programa de P\u00f3s-Gradua\u00e7\u00e3o (Mestrado Profissional) em Defesa e Seguran\u00e7a Civil da Universidade Federal Fluminense (UFF) e como Conselheiro Regional Suplente para a categoria de Agronomia do CREA-RJ. Foi Profissional Pesquisador no Centro de Pesquisas de Energia El\u00e9trica (CEPEL) entre 2014 e 2021.<\/p>\n<p><strong>T\u00edtulo: <\/strong>Tend\u00eancias Detectadas e Cen\u00e1rios Futuros de Extremos Clim\u00e1ticos: Dados Observados e Modelagem Num\u00e9rica<\/p>\n<p><strong>Resumo:<\/strong> Extremos clim\u00e1ticos t\u00eam o potencial de ocasionar graves danos ambientais e preju\u00edzos nos mais diversos setores socioecon\u00f4micos. Os \u00faltimos relat\u00f3rios do Painel Intergovernamental sobre Mudan\u00e7as Clim\u00e1ticas (IPCC) mostram que tais eventos clim\u00e1ticos extremos t\u00eam se tornado mais frequentes e intensos em diversas \u00e1reas do globo. O maior desafio para a detec\u00e7\u00e3o de tend\u00eancias no decorrer dos \u00faltimos anos \u00e9 a consolida\u00e7\u00e3o de um robusto banco de dados di\u00e1rios de vari\u00e1veis meteorol\u00f3gicas, como temperatura do ar e precipita\u00e7\u00e3o. Desse modo, v\u00e1rias pesquisas v\u00eam reunindo e analisando esses dados para a identifica\u00e7\u00e3o de poss\u00edveis mudan\u00e7as no comportamento dos epis\u00f3dios extremos. No Brasil, h\u00e1 uma tend\u00eancia quase que geral de aumento dos dias e noites extremamente quentes, assim como das chuvas intensas e secas prolongadas em determinadas regi\u00f5es. O estado da arte em simula\u00e7\u00e3o clim\u00e1tica para as pr\u00f3ximas d\u00e9cadas prov\u00e9m dos modelos num\u00e9ricos que representam o sistema clim\u00e1tico terrestre. Trata-se da simula\u00e7\u00e3o de complexas intera\u00e7\u00f5es conforme as emiss\u00f5es de gases de efeito estufa com o objetivo de projetar tend\u00eancias at\u00e9 o final do s\u00e9culo XXI. Nesse sentido, muitos trabalhos v\u00eam mostrando uma continuidade dos eventos clim\u00e1ticos extremos para o futuro em grande parte do planeta, como eleva\u00e7\u00e3o na dura\u00e7\u00e3o e frequ\u00eancia de ondas de calor, bem como acentuados acumulados de chuva ocorrendo em curtos per\u00edodos. A preocupa\u00e7\u00e3o com o clima futuro motiva estudos que aprimorem a predi\u00e7\u00e3o de tais eventos severos no curt\u00edssimo prazo, especialmente por meio de t\u00e9cnicas de intelig\u00eancia artificial.<\/p>\n<\/div>\n<\/div>\n<\/div>\n<p><!-- .entry-content --><\/p>\n<\/article>\n<h2>Schedule<\/h2>\n<p>DEXEA22 paper presentation session is scheduled to happen on the 19th of September 2022, from 14h30 to 19h00. Each presentation will be 20-minutes long (15 minutes plus five minutes for Q&amp;A).<\/p>\n<table width=\"238\">\n<tbody>\n<tr>\n<td width=\"90\">14h30-14h45<\/td>\n<td width=\"148\">Opening session<\/td>\n<\/tr>\n<tr>\n<td>14h45-15h05<\/td>\n<td>P1#226315<\/td>\n<\/tr>\n<tr>\n<td>15h05-15h25<\/td>\n<td>P6#226511<\/td>\n<\/tr>\n<tr>\n<td>15h25-15h45<\/td>\n<td>P3#226393<\/td>\n<\/tr>\n<tr>\n<td>15h45-16h00<\/td>\n<td>Light Break<\/td>\n<\/tr>\n<tr>\n<td>16h00-17h00<\/td>\n<td>Keynote speaker<\/td>\n<\/tr>\n<tr>\n<td>17h00- 17h30<\/td>\n<td>Coffe-Break<\/td>\n<\/tr>\n<tr>\n<td>17h30-17h50<\/td>\n<td>P4#226336<\/td>\n<\/tr>\n<tr>\n<td>17h50-18h10<\/td>\n<td>P5#226344<\/td>\n<\/tr>\n<tr>\n<td>18h10-18h30<\/td>\n<td>P2#226334<\/td>\n<\/tr>\n<tr>\n<td>18h30-19h00<\/td>\n<td>Closing session<\/td>\n<\/tr>\n<\/tbody>\n<\/table>\n<p>&nbsp;<\/p>\n","protected":false},"excerpt":{"rendered":"<p>Accepted papers P1#226315: Towards a Definition for Extreme Weather Events in Rio de Janeiro City. Mariza Ferro (IC-UFF\/LNCC), Eduardo Bezerra&hellip; <\/p>\n","protected":false},"author":1,"featured_media":0,"parent":0,"menu_order":0,"comment_status":"closed","ping_status":"closed","template":"","meta":{"footnotes":""},"class_list":["post-39","page","type-page","status-publish","hentry"],"_links":{"self":[{"href":"https:\/\/eic.cefet-rj.br\/dexea2022\/wp-json\/wp\/v2\/pages\/39","targetHints":{"allow":["GET"]}}],"collection":[{"href":"https:\/\/eic.cefet-rj.br\/dexea2022\/wp-json\/wp\/v2\/pages"}],"about":[{"href":"https:\/\/eic.cefet-rj.br\/dexea2022\/wp-json\/wp\/v2\/types\/page"}],"author":[{"embeddable":true,"href":"https:\/\/eic.cefet-rj.br\/dexea2022\/wp-json\/wp\/v2\/users\/1"}],"replies":[{"embeddable":true,"href":"https:\/\/eic.cefet-rj.br\/dexea2022\/wp-json\/wp\/v2\/comments?post=39"}],"version-history":[{"count":22,"href":"https:\/\/eic.cefet-rj.br\/dexea2022\/wp-json\/wp\/v2\/pages\/39\/revisions"}],"predecessor-version":[{"id":202,"href":"https:\/\/eic.cefet-rj.br\/dexea2022\/wp-json\/wp\/v2\/pages\/39\/revisions\/202"}],"wp:attachment":[{"href":"https:\/\/eic.cefet-rj.br\/dexea2022\/wp-json\/wp\/v2\/media?parent=39"}],"curies":[{"name":"wp","href":"https:\/\/api.w.org\/{rel}","templated":true}]}}